{"id":14471,"date":"2025-06-19T19:39:22","date_gmt":"2025-06-19T17:39:22","guid":{"rendered":"https:\/\/elfornerdealella.com\/?post_type=product&#038;p=14471"},"modified":"2025-06-19T19:39:22","modified_gmt":"2025-06-19T17:39:22","slug":"cacerola-san-ignacio-bronze-24-cm-de-45l","status":"publish","type":"product","link":"https:\/\/elfornerdealella.com\/ca\/tienda\/recetas\/cacerola-san-ignacio-bronze-24-cm-de-45l\/","title":{"rendered":"Cacerola San Ignacio Bronze 24 cm de 4,5L"},"content":{"rendered":"<p>Cazuela de aluminio fundido con revestimiento antiadherente multicapa, libre de PFOA, plomo y cadmio. Ligera, resistente y con asas Soft Touch para un agarre c\u00f3modo y seguro.<br data-start=\"359\" data-end=\"362\" data-is-only-node=\"\" \/>Compatible con todo tipo de cocinas: inducci\u00f3n, gas, vitro, hal\u00f3gena y el\u00e9ctrica.<br data-start=\"447\" data-end=\"450\" \/>Dise\u00f1o elegante en color negro con acabado Bronze, ideal para cocinar a diario con estilo y sin que se pegue nada.<br data-start=\"564\" data-end=\"567\" \/>Capacidad: 4,5 litros. Calidad y tradici\u00f3n San Ignacio desde hace m\u00e1s de 70 a\u00f1os.<\/p>","protected":false},"excerpt":{"rendered":"<p>Cazuela de aluminio fundido con revestimiento antiadherente multicapa, libre de PFOA, plomo y cadmio. Ligera, resistente y con asas Soft Touch para un agarre c\u00f3modo y seguro.Compatible con todo tipo de cocinas: inducci\u00f3n, gas, vitro, hal\u00f3gena y el\u00e9ctrica.Dise\u00f1o elegante en color negro con acabado Bronze, ideal para cocinar a diario con estilo y sin que [&hellip;]<\/p>\n","protected":false},"featured_media":14472,"comment_status":"open","ping_status":"closed","template":"","meta":{"site-sidebar-layout":"default","site-content-layout":"","ast-site-content-layout":"default","site-content-style":"default","site-sidebar-style":"default","ast-global-header-display":"","ast-banner-title-visibility":"","ast-main-header-display":"","ast-hfb-above-header-display":"","ast-hfb-below-header-display":"","ast-hfb-mobile-header-display":"","site-post-title":"","ast-breadcrumbs-content":"","ast-featured-img":"","footer-sml-layout":"","ast-disable-related-posts":"","theme-transparent-header-meta":"default","adv-header-id-meta":"","stick-header-meta":"","header-above-stick-meta":"","header-main-stick-meta":"","header-below-stick-meta":"","astra-migrate-meta-layouts":"set","ast-page-background-enabled":"default","ast-page-background-meta":{"desktop":{"background-color":"","background-image":"","background-repeat":"repeat","background-position":"center center","background-size":"auto","background-attachment":"scroll","background-type":"","background-media":"","overlay-type":"","overlay-color":"","overlay-opacity":"","overlay-gradient":""},"tablet":{"background-color":"","background-image":"","background-repeat":"repeat","background-position":"center center","background-size":"auto","background-attachment":"scroll","background-type":"","background-media":"","overlay-type":"","overlay-color":"","overlay-opacity":"","overlay-gradient":""},"mobile":{"background-color":"","background-image":"","background-repeat":"repeat","background-position":"center center","background-size":"auto","background-attachment":"scroll","background-type":"","background-media":"","overlay-type":"","overlay-color":"","overlay-opacity":"","overlay-gradient":""}},"ast-content-background-meta":{"desktop":{"background-color":"var(--ast-global-color-5)","background-image":"","background-repeat":"repeat","background-position":"center center","background-size":"auto","background-attachment":"scroll","background-type":"","background-media":"","overlay-type":"","overlay-color":"","overlay-opacity":"","overlay-gradient":""},"tablet":{"background-color":"var(--ast-global-color-5)","background-image":"","background-repeat":"repeat","background-position":"center center","background-size":"auto","background-attachment":"scroll","background-type":"","background-media":"","overlay-type":"","overlay-color":"","overlay-opacity":"","overlay-gradient":""},"mobile":{"background-color":"var(--ast-global-color-5)","background-image":"","background-repeat":"repeat","background-position":"center center","background-size":"auto","background-attachment":"scroll","background-type":"","background-media":"","overlay-type":"","overlay-color":"","overlay-opacity":"","overlay-gradient":""}}},"product_brand":[],"product_cat":[5116],"product_tag":[],"class_list":{"0":"post-14471","1":"product","2":"type-product","3":"status-publish","4":"has-post-thumbnail","6":"product_cat-recetas","7":"desktop-align-left","8":"tablet-align-left","9":"mobile-align-left","11":"first","12":"instock","13":"shipping-taxable","14":"product-type-external"},"_links":{"self":[{"href":"https:\/\/elfornerdealella.com\/ca\/wp-json\/wp\/v2\/product\/14471","targetHints":{"allow":["GET"]}}],"collection":[{"href":"https:\/\/elfornerdealella.com\/ca\/wp-json\/wp\/v2\/product"}],"about":[{"href":"https:\/\/elfornerdealella.com\/ca\/wp-json\/wp\/v2\/types\/product"}],"replies":[{"embeddable":true,"href":"https:\/\/elfornerdealella.com\/ca\/wp-json\/wp\/v2\/comments?post=14471"}],"wp:featuredmedia":[{"embeddable":true,"href":"https:\/\/elfornerdealella.com\/ca\/wp-json\/wp\/v2\/media\/14472"}],"wp:attachment":[{"href":"https:\/\/elfornerdealella.com\/ca\/wp-json\/wp\/v2\/media?parent=14471"}],"wp:term":[{"taxonomy":"product_brand","embeddable":true,"href":"https:\/\/elfornerdealella.com\/ca\/wp-json\/wp\/v2\/product_brand?post=14471"},{"taxonomy":"product_cat","embeddable":true,"href":"https:\/\/elfornerdealella.com\/ca\/wp-json\/wp\/v2\/product_cat?post=14471"},{"taxonomy":"product_tag","embeddable":true,"href":"https:\/\/elfornerdealella.com\/ca\/wp-json\/wp\/v2\/product_tag?post=14471"}],"curies":[{"name":"wp","href":"https:\/\/api.w.org\/{rel}","templated":true}]}}