{"id":13514,"date":"2024-10-11T12:16:37","date_gmt":"2024-10-11T10:16:37","guid":{"rendered":"https:\/\/elfornerdealella.com\/?post_type=product&#038;p=13514"},"modified":"2024-10-11T12:16:38","modified_gmt":"2024-10-11T10:16:38","slug":"espremedor-electric","status":"publish","type":"product","link":"https:\/\/elfornerdealella.com\/ca\/tienda\/pasteleria\/exprimidor-electrico\/","title":{"rendered":"Espremedor el\u00e8ctric"},"content":{"rendered":"<p>Espremedora el\u00e8ctrica Orbegozo EP 1510 \u00e9s una eina ideal per obtenir sucs frescos de c\u00edtrics de manera r\u00e0pida i senzilla. Amb el disseny bidireccional, maximitza l&#039;extracci\u00f3 de suc, assegurant que aprofitis al m\u00e0xim cada fruita. El seu potent motor permet un espremut eficient, mentre que el seu filtre de polpa ajustable us ofereix control sobre la textura del suc. A m\u00e9s, el recipient transparent facilita la visualitzaci\u00f3 de la quantitat de suc obtingut. Aquest espremedor \u00e9s f\u00e0cil de netejar i compta amb un disseny compacte que s&#039;adapta a qualsevol cuina. Perfecte per gaudir d\u00b4un esmorzar saludable i revitalitzant.<\/p>","protected":false},"excerpt":{"rendered":"<p>Exprimidor el\u00e9ctrico Orbegozo EP 1510 es una herramienta ideal para obtener jugos frescos de c\u00edtricos de manera r\u00e1pida y sencilla. Con su dise\u00f1o bidireccional, maximiza la extracci\u00f3n de jugo, asegurando que aproveches al m\u00e1ximo cada fruta. Su potente motor permite un exprimido eficiente, mientras que su filtro de pulpa ajustable te ofrece control sobre la [&hellip;]<\/p>\n","protected":false},"featured_media":13516,"comment_status":"open","ping_status":"closed","template":"","meta":{"site-sidebar-layout":"default","site-content-layout":"","ast-site-content-layout":"default","site-content-style":"default","site-sidebar-style":"default","ast-global-header-display":"","ast-banner-title-visibility":"","ast-main-header-display":"","ast-hfb-above-header-display":"","ast-hfb-below-header-display":"","ast-hfb-mobile-header-display":"","site-post-title":"","ast-breadcrumbs-content":"","ast-featured-img":"","footer-sml-layout":"","ast-disable-related-posts":"","theme-transparent-header-meta":"default","adv-header-id-meta":"","stick-header-meta":"","header-above-stick-meta":"","header-main-stick-meta":"","header-below-stick-meta":"","astra-migrate-meta-layouts":"set","ast-page-background-enabled":"default","ast-page-background-meta":{"desktop":{"background-color":"","background-image":"","background-repeat":"repeat","background-position":"center center","background-size":"auto","background-attachment":"scroll","background-type":"","background-media":"","overlay-type":"","overlay-color":"","overlay-opacity":"","overlay-gradient":""},"tablet":{"background-color":"","background-image":"","background-repeat":"repeat","background-position":"center center","background-size":"auto","background-attachment":"scroll","background-type":"","background-media":"","overlay-type":"","overlay-color":"","overlay-opacity":"","overlay-gradient":""},"mobile":{"background-color":"","background-image":"","background-repeat":"repeat","background-position":"center center","background-size":"auto","background-attachment":"scroll","background-type":"","background-media":"","overlay-type":"","overlay-color":"","overlay-opacity":"","overlay-gradient":""}},"ast-content-background-meta":{"desktop":{"background-color":"var(--ast-global-color-5)","background-image":"","background-repeat":"repeat","background-position":"center center","background-size":"auto","background-attachment":"scroll","background-type":"","background-media":"","overlay-type":"","overlay-color":"","overlay-opacity":"","overlay-gradient":""},"tablet":{"background-color":"var(--ast-global-color-5)","background-image":"","background-repeat":"repeat","background-position":"center center","background-size":"auto","background-attachment":"scroll","background-type":"","background-media":"","overlay-type":"","overlay-color":"","overlay-opacity":"","overlay-gradient":""},"mobile":{"background-color":"var(--ast-global-color-5)","background-image":"","background-repeat":"repeat","background-position":"center center","background-size":"auto","background-attachment":"scroll","background-type":"","background-media":"","overlay-type":"","overlay-color":"","overlay-opacity":"","overlay-gradient":""}}},"product_brand":[],"product_cat":[5115,5117,5118,5116,5108],"product_tag":[],"class_list":{"0":"post-13514","1":"product","2":"type-product","3":"status-publish","4":"has-post-thumbnail","6":"product_cat-pasteleria","7":"product_cat-bolleria","8":"product_cat-postres","9":"product_cat-recetas","10":"product_cat-reposteria","11":"desktop-align-left","12":"tablet-align-left","13":"mobile-align-left","15":"first","16":"instock","17":"shipping-taxable","18":"product-type-external"},"_links":{"self":[{"href":"https:\/\/elfornerdealella.com\/ca\/wp-json\/wp\/v2\/product\/13514","targetHints":{"allow":["GET"]}}],"collection":[{"href":"https:\/\/elfornerdealella.com\/ca\/wp-json\/wp\/v2\/product"}],"about":[{"href":"https:\/\/elfornerdealella.com\/ca\/wp-json\/wp\/v2\/types\/product"}],"replies":[{"embeddable":true,"href":"https:\/\/elfornerdealella.com\/ca\/wp-json\/wp\/v2\/comments?post=13514"}],"wp:featuredmedia":[{"embeddable":true,"href":"https:\/\/elfornerdealella.com\/ca\/wp-json\/wp\/v2\/media\/13516"}],"wp:attachment":[{"href":"https:\/\/elfornerdealella.com\/ca\/wp-json\/wp\/v2\/media?parent=13514"}],"wp:term":[{"taxonomy":"product_brand","embeddable":true,"href":"https:\/\/elfornerdealella.com\/ca\/wp-json\/wp\/v2\/product_brand?post=13514"},{"taxonomy":"product_cat","embeddable":true,"href":"https:\/\/elfornerdealella.com\/ca\/wp-json\/wp\/v2\/product_cat?post=13514"},{"taxonomy":"product_tag","embeddable":true,"href":"https:\/\/elfornerdealella.com\/ca\/wp-json\/wp\/v2\/product_tag?post=13514"}],"curies":[{"name":"wp","href":"https:\/\/api.w.org\/{rel}","templated":true}]}}