{"id":13506,"date":"2024-10-11T12:11:14","date_gmt":"2024-10-11T10:11:14","guid":{"rendered":"https:\/\/elfornerdealella.com\/?post_type=product&#038;p=13506"},"modified":"2024-10-11T12:11:14","modified_gmt":"2024-10-11T10:11:14","slug":"rotllo-acetat-per-pastissos","status":"publish","type":"product","link":"https:\/\/elfornerdealella.com\/ca\/tienda\/pasteleria\/rollo-acetato-para-pasteles\/","title":{"rendered":"Rotllo acetat per a pastissos"},"content":{"rendered":"<p>Les l\u00e0mines d&#039;acetat d&#039;Aulon s\u00f3n una eina indispensable per a la rebosteria i la pastisseria. Perfectes per crear decoracions elegants, aquestes l\u00e0mines transparents s\u00f3n ideals per a motlles, pastissos i postres. La seva flexibilitat i resist\u00e8ncia permeten desemmotllar f\u00e0cilment, mantenint la forma de les teves creacions. A m\u00e9s, s\u00f3n aptes per a contacte amb aliments, cosa que les converteix en una opci\u00f3 segura i pr\u00e0ctica. Amb una mida generosa, cada paquet ofereix m\u00faltiples l\u00e0mines perqu\u00e8 puguis experimentar amb diferents dissenys i t\u00e8cniques. Eleva les teves habilitats a la cuina amb les l\u00e0mines d&#039;acetat Aulon i sorpr\u00e8n amb presentacions professionals a les teves postres.<\/p>","protected":false},"excerpt":{"rendered":"<p>Las l\u00e1minas de acetato de Aulon son una herramienta indispensable para la reposter\u00eda y la pasteler\u00eda. Perfectas para crear decoraciones elegantes, estas l\u00e1minas transparentes son ideales para moldes, pasteles y postres. Su flexibilidad y resistencia permiten desmoldar f\u00e1cilmente, manteniendo la forma de tus creaciones. Adem\u00e1s, son aptas para contacto con alimentos, lo que las convierte [&hellip;]<\/p>\n","protected":false},"featured_media":13509,"comment_status":"open","ping_status":"closed","template":"","meta":{"site-sidebar-layout":"default","site-content-layout":"","ast-site-content-layout":"default","site-content-style":"default","site-sidebar-style":"default","ast-global-header-display":"","ast-banner-title-visibility":"","ast-main-header-display":"","ast-hfb-above-header-display":"","ast-hfb-below-header-display":"","ast-hfb-mobile-header-display":"","site-post-title":"","ast-breadcrumbs-content":"","ast-featured-img":"","footer-sml-layout":"","ast-disable-related-posts":"","theme-transparent-header-meta":"default","adv-header-id-meta":"","stick-header-meta":"","header-above-stick-meta":"","header-main-stick-meta":"","header-below-stick-meta":"","astra-migrate-meta-layouts":"set","ast-page-background-enabled":"default","ast-page-background-meta":{"desktop":{"background-color":"","background-image":"","background-repeat":"repeat","background-position":"center center","background-size":"auto","background-attachment":"scroll","background-type":"","background-media":"","overlay-type":"","overlay-color":"","overlay-opacity":"","overlay-gradient":""},"tablet":{"background-color":"","background-image":"","background-repeat":"repeat","background-position":"center center","background-size":"auto","background-attachment":"scroll","background-type":"","background-media":"","overlay-type":"","overlay-color":"","overlay-opacity":"","overlay-gradient":""},"mobile":{"background-color":"","background-image":"","background-repeat":"repeat","background-position":"center center","background-size":"auto","background-attachment":"scroll","background-type":"","background-media":"","overlay-type":"","overlay-color":"","overlay-opacity":"","overlay-gradient":""}},"ast-content-background-meta":{"desktop":{"background-color":"var(--ast-global-color-5)","background-image":"","background-repeat":"repeat","background-position":"center center","background-size":"auto","background-attachment":"scroll","background-type":"","background-media":"","overlay-type":"","overlay-color":"","overlay-opacity":"","overlay-gradient":""},"tablet":{"background-color":"var(--ast-global-color-5)","background-image":"","background-repeat":"repeat","background-position":"center center","background-size":"auto","background-attachment":"scroll","background-type":"","background-media":"","overlay-type":"","overlay-color":"","overlay-opacity":"","overlay-gradient":""},"mobile":{"background-color":"var(--ast-global-color-5)","background-image":"","background-repeat":"repeat","background-position":"center center","background-size":"auto","background-attachment":"scroll","background-type":"","background-media":"","overlay-type":"","overlay-color":"","overlay-opacity":"","overlay-gradient":""}}},"product_brand":[],"product_cat":[5115],"product_tag":[],"class_list":{"0":"post-13506","1":"product","2":"type-product","3":"status-publish","4":"has-post-thumbnail","6":"product_cat-pasteleria","7":"desktop-align-left","8":"tablet-align-left","9":"mobile-align-left","11":"first","12":"instock","13":"shipping-taxable","14":"product-type-external"},"_links":{"self":[{"href":"https:\/\/elfornerdealella.com\/ca\/wp-json\/wp\/v2\/product\/13506","targetHints":{"allow":["GET"]}}],"collection":[{"href":"https:\/\/elfornerdealella.com\/ca\/wp-json\/wp\/v2\/product"}],"about":[{"href":"https:\/\/elfornerdealella.com\/ca\/wp-json\/wp\/v2\/types\/product"}],"replies":[{"embeddable":true,"href":"https:\/\/elfornerdealella.com\/ca\/wp-json\/wp\/v2\/comments?post=13506"}],"wp:featuredmedia":[{"embeddable":true,"href":"https:\/\/elfornerdealella.com\/ca\/wp-json\/wp\/v2\/media\/13509"}],"wp:attachment":[{"href":"https:\/\/elfornerdealella.com\/ca\/wp-json\/wp\/v2\/media?parent=13506"}],"wp:term":[{"taxonomy":"product_brand","embeddable":true,"href":"https:\/\/elfornerdealella.com\/ca\/wp-json\/wp\/v2\/product_brand?post=13506"},{"taxonomy":"product_cat","embeddable":true,"href":"https:\/\/elfornerdealella.com\/ca\/wp-json\/wp\/v2\/product_cat?post=13506"},{"taxonomy":"product_tag","embeddable":true,"href":"https:\/\/elfornerdealella.com\/ca\/wp-json\/wp\/v2\/product_tag?post=13506"}],"curies":[{"name":"wp","href":"https:\/\/api.w.org\/{rel}","templated":true}]}}