{"id":13491,"date":"2024-10-11T11:57:59","date_gmt":"2024-10-11T09:57:59","guid":{"rendered":"https:\/\/elfornerdealella.com\/?post_type=product&#038;p=13491"},"modified":"2024-10-11T12:33:59","modified_gmt":"2024-10-11T10:33:59","slug":"farina-de-blat-especial-manitova","status":"publish","type":"product","link":"https:\/\/elfornerdealella.com\/ca\/tienda\/panaderia\/harina-de-trigo-especial-manitova\/","title":{"rendered":"Farina de blat especial Manitova"},"content":{"rendered":"<p>Farina de blat Manitoba de Farine Magiche, ideal per a tots els teus projectes de fleca i rebosteria. Amb un alt contingut de prote\u00efnes, aquesta farina \u00e9s perfecta per a l&#039;elaboraci\u00f3 de masses el\u00e0stiques i ben estructurades, cosa que garanteix resultats \u00f2ptims en pans, pizzes i pastes. La seva fina textura i qualitat superior permeten una fermentaci\u00f3 adequada, aconseguint un sabor i una textura inigualables a cada mos. A m\u00e9s, \u00e9s vers\u00e0til i f\u00e0cil d&#039;usar, adequada tant per a aficionats com per a forners professionals. Porta les teves habilitats culin\u00e0ries al seg\u00fcent nivell amb la farina Manitoba de Farine Magiche i sorpr\u00e8n tothom amb les teves creacions.<\/p>","protected":false},"excerpt":{"rendered":"<p>Harina de trigo Manitoba de Farine Magiche, ideal para todos tus proyectos de panader\u00eda y reposter\u00eda. Con un alto contenido de prote\u00ednas, esta harina es perfecta para la elaboraci\u00f3n de masas el\u00e1sticas y bien estructuradas, lo que garantiza resultados \u00f3ptimos en panes, pizzas y pastas. Su fina textura y calidad superior permiten una fermentaci\u00f3n adecuada, [&hellip;]<\/p>\n","protected":false},"featured_media":13493,"comment_status":"open","ping_status":"closed","template":"","meta":{"site-sidebar-layout":"default","site-content-layout":"","ast-site-content-layout":"default","site-content-style":"default","site-sidebar-style":"default","ast-global-header-display":"","ast-banner-title-visibility":"","ast-main-header-display":"","ast-hfb-above-header-display":"","ast-hfb-below-header-display":"","ast-hfb-mobile-header-display":"","site-post-title":"","ast-breadcrumbs-content":"","ast-featured-img":"","footer-sml-layout":"","ast-disable-related-posts":"","theme-transparent-header-meta":"default","adv-header-id-meta":"","stick-header-meta":"","header-above-stick-meta":"","header-main-stick-meta":"","header-below-stick-meta":"","astra-migrate-meta-layouts":"set","ast-page-background-enabled":"default","ast-page-background-meta":{"desktop":{"background-color":"","background-image":"","background-repeat":"repeat","background-position":"center center","background-size":"auto","background-attachment":"scroll","background-type":"","background-media":"","overlay-type":"","overlay-color":"","overlay-opacity":"","overlay-gradient":""},"tablet":{"background-color":"","background-image":"","background-repeat":"repeat","background-position":"center center","background-size":"auto","background-attachment":"scroll","background-type":"","background-media":"","overlay-type":"","overlay-color":"","overlay-opacity":"","overlay-gradient":""},"mobile":{"background-color":"","background-image":"","background-repeat":"repeat","background-position":"center center","background-size":"auto","background-attachment":"scroll","background-type":"","background-media":"","overlay-type":"","overlay-color":"","overlay-opacity":"","overlay-gradient":""}},"ast-content-background-meta":{"desktop":{"background-color":"var(--ast-global-color-5)","background-image":"","background-repeat":"repeat","background-position":"center center","background-size":"auto","background-attachment":"scroll","background-type":"","background-media":"","overlay-type":"","overlay-color":"","overlay-opacity":"","overlay-gradient":""},"tablet":{"background-color":"var(--ast-global-color-5)","background-image":"","background-repeat":"repeat","background-position":"center center","background-size":"auto","background-attachment":"scroll","background-type":"","background-media":"","overlay-type":"","overlay-color":"","overlay-opacity":"","overlay-gradient":""},"mobile":{"background-color":"var(--ast-global-color-5)","background-image":"","background-repeat":"repeat","background-position":"center center","background-size":"auto","background-attachment":"scroll","background-type":"","background-media":"","overlay-type":"","overlay-color":"","overlay-opacity":"","overlay-gradient":""}}},"product_brand":[],"product_cat":[5114],"product_tag":[],"class_list":{"0":"post-13491","1":"product","2":"type-product","3":"status-publish","4":"has-post-thumbnail","6":"product_cat-panaderia","7":"desktop-align-left","8":"tablet-align-left","9":"mobile-align-left","11":"first","12":"instock","13":"shipping-taxable","14":"product-type-external"},"_links":{"self":[{"href":"https:\/\/elfornerdealella.com\/ca\/wp-json\/wp\/v2\/product\/13491","targetHints":{"allow":["GET"]}}],"collection":[{"href":"https:\/\/elfornerdealella.com\/ca\/wp-json\/wp\/v2\/product"}],"about":[{"href":"https:\/\/elfornerdealella.com\/ca\/wp-json\/wp\/v2\/types\/product"}],"replies":[{"embeddable":true,"href":"https:\/\/elfornerdealella.com\/ca\/wp-json\/wp\/v2\/comments?post=13491"}],"wp:featuredmedia":[{"embeddable":true,"href":"https:\/\/elfornerdealella.com\/ca\/wp-json\/wp\/v2\/media\/13493"}],"wp:attachment":[{"href":"https:\/\/elfornerdealella.com\/ca\/wp-json\/wp\/v2\/media?parent=13491"}],"wp:term":[{"taxonomy":"product_brand","embeddable":true,"href":"https:\/\/elfornerdealella.com\/ca\/wp-json\/wp\/v2\/product_brand?post=13491"},{"taxonomy":"product_cat","embeddable":true,"href":"https:\/\/elfornerdealella.com\/ca\/wp-json\/wp\/v2\/product_cat?post=13491"},{"taxonomy":"product_tag","embeddable":true,"href":"https:\/\/elfornerdealella.com\/ca\/wp-json\/wp\/v2\/product_tag?post=13491"}],"curies":[{"name":"wp","href":"https:\/\/api.w.org\/{rel}","templated":true}]}}