{"id":13465,"date":"2024-10-11T11:32:12","date_gmt":"2024-10-11T09:32:12","guid":{"rendered":"https:\/\/elfornerdealella.com\/?post_type=product&#038;p=13465"},"modified":"2024-10-11T11:32:12","modified_gmt":"2024-10-11T09:32:12","slug":"robots-de-cuina","status":"publish","type":"product","link":"https:\/\/elfornerdealella.com\/ca\/tienda\/recetas\/robots-de-cocina\/","title":{"rendered":"Robots de cuina"},"content":{"rendered":"<p><strong>Robot de Cuina Cecotec Multifunci\u00f3<\/strong>: Aquest robot de cuina multifuncional de Cecotec \u00e9s ideal per facilitar les teves tasques culin\u00e0ries. Amb m\u00faltiples funcions, permet picar, batre, coure al vapor, i m\u00e9s tot en un sol aparell. Ve amb un receptari integrat que us ajudar\u00e0 a explorar noves creacions gastron\u00f2miques. El disseny compacte i f\u00e0cil d&#039;utilitzar fa que cuinar sigui un plaer. A m\u00e9s, la seva tecnologia d&#039;alta qualitat garanteix resultats excepcionals a cada plat.<\/p>","protected":false},"excerpt":{"rendered":"<p>Robot de Cocina Cecotec Multifunci\u00f3n: Este robot de cocina multifuncional de Cecotec es ideal para facilitar tus tareas culinarias. Con m\u00faltiples funciones, permite picar, batir, cocer al vapor, y m\u00e1s, todo en un solo aparato. Viene con un recetario integrado que te ayudar\u00e1 a explorar nuevas creaciones gastron\u00f3micas. Su dise\u00f1o compacto y f\u00e1cil de usar [&hellip;]<\/p>\n","protected":false},"featured_media":13467,"comment_status":"open","ping_status":"closed","template":"","meta":{"site-sidebar-layout":"default","site-content-layout":"","ast-site-content-layout":"default","site-content-style":"default","site-sidebar-style":"default","ast-global-header-display":"","ast-banner-title-visibility":"","ast-main-header-display":"","ast-hfb-above-header-display":"","ast-hfb-below-header-display":"","ast-hfb-mobile-header-display":"","site-post-title":"","ast-breadcrumbs-content":"","ast-featured-img":"","footer-sml-layout":"","ast-disable-related-posts":"","theme-transparent-header-meta":"default","adv-header-id-meta":"","stick-header-meta":"","header-above-stick-meta":"","header-main-stick-meta":"","header-below-stick-meta":"","astra-migrate-meta-layouts":"set","ast-page-background-enabled":"default","ast-page-background-meta":{"desktop":{"background-color":"","background-image":"","background-repeat":"repeat","background-position":"center center","background-size":"auto","background-attachment":"scroll","background-type":"","background-media":"","overlay-type":"","overlay-color":"","overlay-opacity":"","overlay-gradient":""},"tablet":{"background-color":"","background-image":"","background-repeat":"repeat","background-position":"center center","background-size":"auto","background-attachment":"scroll","background-type":"","background-media":"","overlay-type":"","overlay-color":"","overlay-opacity":"","overlay-gradient":""},"mobile":{"background-color":"","background-image":"","background-repeat":"repeat","background-position":"center center","background-size":"auto","background-attachment":"scroll","background-type":"","background-media":"","overlay-type":"","overlay-color":"","overlay-opacity":"","overlay-gradient":""}},"ast-content-background-meta":{"desktop":{"background-color":"var(--ast-global-color-5)","background-image":"","background-repeat":"repeat","background-position":"center center","background-size":"auto","background-attachment":"scroll","background-type":"","background-media":"","overlay-type":"","overlay-color":"","overlay-opacity":"","overlay-gradient":""},"tablet":{"background-color":"var(--ast-global-color-5)","background-image":"","background-repeat":"repeat","background-position":"center center","background-size":"auto","background-attachment":"scroll","background-type":"","background-media":"","overlay-type":"","overlay-color":"","overlay-opacity":"","overlay-gradient":""},"mobile":{"background-color":"var(--ast-global-color-5)","background-image":"","background-repeat":"repeat","background-position":"center center","background-size":"auto","background-attachment":"scroll","background-type":"","background-media":"","overlay-type":"","overlay-color":"","overlay-opacity":"","overlay-gradient":""}}},"product_brand":[],"product_cat":[5116,5117,5115,5118,5108],"product_tag":[],"class_list":{"0":"post-13465","1":"product","2":"type-product","3":"status-publish","4":"has-post-thumbnail","6":"product_cat-recetas","7":"product_cat-bolleria","8":"product_cat-pasteleria","9":"product_cat-postres","10":"product_cat-reposteria","11":"desktop-align-left","12":"tablet-align-left","13":"mobile-align-left","15":"first","16":"instock","17":"shipping-taxable","18":"product-type-external"},"_links":{"self":[{"href":"https:\/\/elfornerdealella.com\/ca\/wp-json\/wp\/v2\/product\/13465","targetHints":{"allow":["GET"]}}],"collection":[{"href":"https:\/\/elfornerdealella.com\/ca\/wp-json\/wp\/v2\/product"}],"about":[{"href":"https:\/\/elfornerdealella.com\/ca\/wp-json\/wp\/v2\/types\/product"}],"replies":[{"embeddable":true,"href":"https:\/\/elfornerdealella.com\/ca\/wp-json\/wp\/v2\/comments?post=13465"}],"wp:featuredmedia":[{"embeddable":true,"href":"https:\/\/elfornerdealella.com\/ca\/wp-json\/wp\/v2\/media\/13467"}],"wp:attachment":[{"href":"https:\/\/elfornerdealella.com\/ca\/wp-json\/wp\/v2\/media?parent=13465"}],"wp:term":[{"taxonomy":"product_brand","embeddable":true,"href":"https:\/\/elfornerdealella.com\/ca\/wp-json\/wp\/v2\/product_brand?post=13465"},{"taxonomy":"product_cat","embeddable":true,"href":"https:\/\/elfornerdealella.com\/ca\/wp-json\/wp\/v2\/product_cat?post=13465"},{"taxonomy":"product_tag","embeddable":true,"href":"https:\/\/elfornerdealella.com\/ca\/wp-json\/wp\/v2\/product_tag?post=13465"}],"curies":[{"name":"wp","href":"https:\/\/api.w.org\/{rel}","templated":true}]}}