{"id":13437,"date":"2024-10-10T16:57:57","date_gmt":"2024-10-10T14:57:57","guid":{"rendered":"https:\/\/elfornerdealella.com\/?post_type=product&#038;p=13437"},"modified":"2024-10-10T16:57:58","modified_gmt":"2024-10-10T14:57:58","slug":"bateria-de-cuina-5-peces","status":"publish","type":"product","link":"https:\/\/elfornerdealella.com\/ca\/tienda\/recetas\/bateria-de-cocina-5-piezas\/","title":{"rendered":"Bateria de cuina 5 peces"},"content":{"rendered":"<p><strong>Olla WMF Diadem Plus 5 peces \u2013 Acer Inoxidable<\/strong>: Eleva la teva cuina amb l&#039;olla WMF Diadem Plus, fabricada amb acer inoxidable d&#039;alta qualitat. Dissenyada per oferir una distribuci\u00f3 uniforme de la calor, \u00e9s perfecta per cuinar una varietat de plats. La tapa de vidre permet un control f\u00e0cil del proc\u00e9s de cocci\u00f3, mentre que el disseny elegant i modern complementa qualsevol cuina. Apta per a tot tipus de cuines, incloent-hi inducci\u00f3, aquesta olla \u00e9s ideal per als que busquen durabilitat i rendiment en els seus utensilis.<\/p>","protected":false},"excerpt":{"rendered":"<p>Olla WMF Diadem Plus 5 piezas &#8211; Acero Inoxidable: Eleva tu cocina con la olla WMF Diadem Plus, fabricada en acero inoxidable de alta calidad. Dise\u00f1ada para ofrecer una distribuci\u00f3n uniforme del calor, es perfecta para cocinar una variedad de platos. Su tapa de vidrio permite un control f\u00e1cil del proceso de cocci\u00f3n, mientras que [&hellip;]<\/p>\n","protected":false},"featured_media":13440,"comment_status":"open","ping_status":"closed","template":"","meta":{"site-sidebar-layout":"default","site-content-layout":"","ast-site-content-layout":"default","site-content-style":"default","site-sidebar-style":"default","ast-global-header-display":"","ast-banner-title-visibility":"","ast-main-header-display":"","ast-hfb-above-header-display":"","ast-hfb-below-header-display":"","ast-hfb-mobile-header-display":"","site-post-title":"","ast-breadcrumbs-content":"","ast-featured-img":"","footer-sml-layout":"","ast-disable-related-posts":"","theme-transparent-header-meta":"default","adv-header-id-meta":"","stick-header-meta":"","header-above-stick-meta":"","header-main-stick-meta":"","header-below-stick-meta":"","astra-migrate-meta-layouts":"set","ast-page-background-enabled":"default","ast-page-background-meta":{"desktop":{"background-color":"","background-image":"","background-repeat":"repeat","background-position":"center center","background-size":"auto","background-attachment":"scroll","background-type":"","background-media":"","overlay-type":"","overlay-color":"","overlay-opacity":"","overlay-gradient":""},"tablet":{"background-color":"","background-image":"","background-repeat":"repeat","background-position":"center center","background-size":"auto","background-attachment":"scroll","background-type":"","background-media":"","overlay-type":"","overlay-color":"","overlay-opacity":"","overlay-gradient":""},"mobile":{"background-color":"","background-image":"","background-repeat":"repeat","background-position":"center center","background-size":"auto","background-attachment":"scroll","background-type":"","background-media":"","overlay-type":"","overlay-color":"","overlay-opacity":"","overlay-gradient":""}},"ast-content-background-meta":{"desktop":{"background-color":"var(--ast-global-color-5)","background-image":"","background-repeat":"repeat","background-position":"center center","background-size":"auto","background-attachment":"scroll","background-type":"","background-media":"","overlay-type":"","overlay-color":"","overlay-opacity":"","overlay-gradient":""},"tablet":{"background-color":"var(--ast-global-color-5)","background-image":"","background-repeat":"repeat","background-position":"center center","background-size":"auto","background-attachment":"scroll","background-type":"","background-media":"","overlay-type":"","overlay-color":"","overlay-opacity":"","overlay-gradient":""},"mobile":{"background-color":"var(--ast-global-color-5)","background-image":"","background-repeat":"repeat","background-position":"center center","background-size":"auto","background-attachment":"scroll","background-type":"","background-media":"","overlay-type":"","overlay-color":"","overlay-opacity":"","overlay-gradient":""}}},"product_brand":[],"product_cat":[5116,5114,5115,5118],"product_tag":[],"class_list":{"0":"post-13437","1":"product","2":"type-product","3":"status-publish","4":"has-post-thumbnail","6":"product_cat-recetas","7":"product_cat-panaderia","8":"product_cat-pasteleria","9":"product_cat-postres","10":"desktop-align-left","11":"tablet-align-left","12":"mobile-align-left","14":"first","15":"instock","16":"shipping-taxable","17":"product-type-external"},"_links":{"self":[{"href":"https:\/\/elfornerdealella.com\/ca\/wp-json\/wp\/v2\/product\/13437","targetHints":{"allow":["GET"]}}],"collection":[{"href":"https:\/\/elfornerdealella.com\/ca\/wp-json\/wp\/v2\/product"}],"about":[{"href":"https:\/\/elfornerdealella.com\/ca\/wp-json\/wp\/v2\/types\/product"}],"replies":[{"embeddable":true,"href":"https:\/\/elfornerdealella.com\/ca\/wp-json\/wp\/v2\/comments?post=13437"}],"wp:featuredmedia":[{"embeddable":true,"href":"https:\/\/elfornerdealella.com\/ca\/wp-json\/wp\/v2\/media\/13440"}],"wp:attachment":[{"href":"https:\/\/elfornerdealella.com\/ca\/wp-json\/wp\/v2\/media?parent=13437"}],"wp:term":[{"taxonomy":"product_brand","embeddable":true,"href":"https:\/\/elfornerdealella.com\/ca\/wp-json\/wp\/v2\/product_brand?post=13437"},{"taxonomy":"product_cat","embeddable":true,"href":"https:\/\/elfornerdealella.com\/ca\/wp-json\/wp\/v2\/product_cat?post=13437"},{"taxonomy":"product_tag","embeddable":true,"href":"https:\/\/elfornerdealella.com\/ca\/wp-json\/wp\/v2\/product_tag?post=13437"}],"curies":[{"name":"wp","href":"https:\/\/api.w.org\/{rel}","templated":true}]}}