{"id":13406,"date":"2024-10-09T17:14:07","date_gmt":"2024-10-09T15:14:07","guid":{"rendered":"https:\/\/elfornerdealella.com\/?post_type=product&#038;p=13406"},"modified":"2024-10-09T17:16:23","modified_gmt":"2024-10-09T15:16:23","slug":"pala-de-coure","status":"publish","type":"product","link":"https:\/\/elfornerdealella.com\/ca\/tienda\/bolleria\/pala-de-hornear\/","title":{"rendered":"Pala D&#039;Hornear"},"content":{"rendered":"<p>La pala de coure Leo Gio est\u00e0 fabricada en fusta d&#039;alta qualitat, oferint resist\u00e8ncia i lleugeresa. El seu disseny ergon\u00f2mic proporciona una adher\u00e8ncia c\u00f2mode, facilitant el maneig de pizzes i pans al forn. \u00c9s compatible amb forns de pizza Ferrari i la seva superf\u00edcie \u00e9s f\u00e0cil de netejar, sense retenir olors. Ideal per enfornar, servir i transportar les teves creacions culin\u00e0ries<\/p>","protected":false},"excerpt":{"rendered":"<p>La pala de hornear Leo Gio est\u00e1 fabricada en madera de alta calidad, ofreciendo resistencia y ligereza. Su dise\u00f1o ergon\u00f3mico proporciona un agarre c\u00f3modo, facilitando el manejo de pizzas y panes en el horno. Es compatible con hornos de pizza Ferrari y su superficie es f\u00e1cil de limpiar, sin retener olores. Ideal para hornear, servir [&hellip;]<\/p>\n","protected":false},"featured_media":13407,"comment_status":"open","ping_status":"closed","template":"","meta":{"site-sidebar-layout":"default","site-content-layout":"","ast-site-content-layout":"default","site-content-style":"default","site-sidebar-style":"default","ast-global-header-display":"","ast-banner-title-visibility":"","ast-main-header-display":"","ast-hfb-above-header-display":"","ast-hfb-below-header-display":"","ast-hfb-mobile-header-display":"","site-post-title":"","ast-breadcrumbs-content":"","ast-featured-img":"","footer-sml-layout":"","ast-disable-related-posts":"","theme-transparent-header-meta":"default","adv-header-id-meta":"","stick-header-meta":"","header-above-stick-meta":"","header-main-stick-meta":"","header-below-stick-meta":"","astra-migrate-meta-layouts":"set","ast-page-background-enabled":"default","ast-page-background-meta":{"desktop":{"background-color":"","background-image":"","background-repeat":"repeat","background-position":"center center","background-size":"auto","background-attachment":"scroll","background-type":"","background-media":"","overlay-type":"","overlay-color":"","overlay-opacity":"","overlay-gradient":""},"tablet":{"background-color":"","background-image":"","background-repeat":"repeat","background-position":"center center","background-size":"auto","background-attachment":"scroll","background-type":"","background-media":"","overlay-type":"","overlay-color":"","overlay-opacity":"","overlay-gradient":""},"mobile":{"background-color":"","background-image":"","background-repeat":"repeat","background-position":"center center","background-size":"auto","background-attachment":"scroll","background-type":"","background-media":"","overlay-type":"","overlay-color":"","overlay-opacity":"","overlay-gradient":""}},"ast-content-background-meta":{"desktop":{"background-color":"var(--ast-global-color-5)","background-image":"","background-repeat":"repeat","background-position":"center center","background-size":"auto","background-attachment":"scroll","background-type":"","background-media":"","overlay-type":"","overlay-color":"","overlay-opacity":"","overlay-gradient":""},"tablet":{"background-color":"var(--ast-global-color-5)","background-image":"","background-repeat":"repeat","background-position":"center center","background-size":"auto","background-attachment":"scroll","background-type":"","background-media":"","overlay-type":"","overlay-color":"","overlay-opacity":"","overlay-gradient":""},"mobile":{"background-color":"var(--ast-global-color-5)","background-image":"","background-repeat":"repeat","background-position":"center center","background-size":"auto","background-attachment":"scroll","background-type":"","background-media":"","overlay-type":"","overlay-color":"","overlay-opacity":"","overlay-gradient":""}}},"product_brand":[],"product_cat":[5117,5114,5115,5118,5116,5108],"product_tag":[],"class_list":{"0":"post-13406","1":"product","2":"type-product","3":"status-publish","4":"has-post-thumbnail","6":"product_cat-bolleria","7":"product_cat-panaderia","8":"product_cat-pasteleria","9":"product_cat-postres","10":"product_cat-recetas","11":"product_cat-reposteria","12":"desktop-align-left","13":"tablet-align-left","14":"mobile-align-left","16":"first","17":"instock","18":"shipping-taxable","19":"product-type-external"},"_links":{"self":[{"href":"https:\/\/elfornerdealella.com\/ca\/wp-json\/wp\/v2\/product\/13406","targetHints":{"allow":["GET"]}}],"collection":[{"href":"https:\/\/elfornerdealella.com\/ca\/wp-json\/wp\/v2\/product"}],"about":[{"href":"https:\/\/elfornerdealella.com\/ca\/wp-json\/wp\/v2\/types\/product"}],"replies":[{"embeddable":true,"href":"https:\/\/elfornerdealella.com\/ca\/wp-json\/wp\/v2\/comments?post=13406"}],"wp:featuredmedia":[{"embeddable":true,"href":"https:\/\/elfornerdealella.com\/ca\/wp-json\/wp\/v2\/media\/13407"}],"wp:attachment":[{"href":"https:\/\/elfornerdealella.com\/ca\/wp-json\/wp\/v2\/media?parent=13406"}],"wp:term":[{"taxonomy":"product_brand","embeddable":true,"href":"https:\/\/elfornerdealella.com\/ca\/wp-json\/wp\/v2\/product_brand?post=13406"},{"taxonomy":"product_cat","embeddable":true,"href":"https:\/\/elfornerdealella.com\/ca\/wp-json\/wp\/v2\/product_cat?post=13406"},{"taxonomy":"product_tag","embeddable":true,"href":"https:\/\/elfornerdealella.com\/ca\/wp-json\/wp\/v2\/product_tag?post=13406"}],"curies":[{"name":"wp","href":"https:\/\/api.w.org\/{rel}","templated":true}]}}