{"id":13402,"date":"2024-10-09T17:12:37","date_gmt":"2024-10-09T15:12:37","guid":{"rendered":"https:\/\/elfornerdealella.com\/?post_type=product&#038;p=13402"},"modified":"2024-10-09T17:12:37","modified_gmt":"2024-10-09T15:12:37","slug":"recipient-de-plastic-per-fermentacio","status":"publish","type":"product","link":"https:\/\/elfornerdealella.com\/ca\/tienda\/panaderia\/recipiente-de-plastico-para-fermentacion\/","title":{"rendered":"Recipient de Pl\u00e0stic Per a Fermentaci\u00f3"},"content":{"rendered":"<p>Per aconseguir un pa perfectament fermentat, \u00e9s essencial mantenir un ambient adequat per a la massa. Un <strong>contenidor d&#039;emmagatzematge pl\u00e0stic<\/strong> de 65 litres i amb rodes \u00e9s la soluci\u00f3 perfecta per fermentar la teva massa de manera eficient. Aquest contenidor transparent permet una visualitzaci\u00f3 f\u00e0cil del progr\u00e9s de la teva fermentaci\u00f3, assegurant que no perdis de vista el desenvolupament de la massa. El seu disseny herm\u00e8tic ajuda a mantenir la humitat necess\u00e0ria, cosa que \u00e9s crucial per a un bon llevat. A m\u00e9s, gr\u00e0cies a les rodes, pots moure&#039;l amb facilitat per la teva cuina, evitant desordre i optimitzant el teu espai de treball.<\/p>","protected":false},"excerpt":{"rendered":"<p>Para lograr un pan perfectamente fermentado, es esencial mantener un ambiente adecuado para la masa. Un contenedor de almacenamiento pl\u00e1stico de 65 litros y con ruedas es la soluci\u00f3n perfecta para fermentar tu masa de manera eficiente.\u00a0 Este contenedor transparente permite una f\u00e1cil visualizaci\u00f3n del progreso de tu fermentaci\u00f3n, asegurando que no pierdas de vista [&hellip;]<\/p>\n","protected":false},"featured_media":13405,"comment_status":"open","ping_status":"closed","template":"","meta":{"site-sidebar-layout":"default","site-content-layout":"","ast-site-content-layout":"default","site-content-style":"default","site-sidebar-style":"default","ast-global-header-display":"","ast-banner-title-visibility":"","ast-main-header-display":"","ast-hfb-above-header-display":"","ast-hfb-below-header-display":"","ast-hfb-mobile-header-display":"","site-post-title":"","ast-breadcrumbs-content":"","ast-featured-img":"","footer-sml-layout":"","ast-disable-related-posts":"","theme-transparent-header-meta":"default","adv-header-id-meta":"","stick-header-meta":"","header-above-stick-meta":"","header-main-stick-meta":"","header-below-stick-meta":"","astra-migrate-meta-layouts":"set","ast-page-background-enabled":"default","ast-page-background-meta":{"desktop":{"background-color":"","background-image":"","background-repeat":"repeat","background-position":"center center","background-size":"auto","background-attachment":"scroll","background-type":"","background-media":"","overlay-type":"","overlay-color":"","overlay-opacity":"","overlay-gradient":""},"tablet":{"background-color":"","background-image":"","background-repeat":"repeat","background-position":"center center","background-size":"auto","background-attachment":"scroll","background-type":"","background-media":"","overlay-type":"","overlay-color":"","overlay-opacity":"","overlay-gradient":""},"mobile":{"background-color":"","background-image":"","background-repeat":"repeat","background-position":"center center","background-size":"auto","background-attachment":"scroll","background-type":"","background-media":"","overlay-type":"","overlay-color":"","overlay-opacity":"","overlay-gradient":""}},"ast-content-background-meta":{"desktop":{"background-color":"var(--ast-global-color-5)","background-image":"","background-repeat":"repeat","background-position":"center center","background-size":"auto","background-attachment":"scroll","background-type":"","background-media":"","overlay-type":"","overlay-color":"","overlay-opacity":"","overlay-gradient":""},"tablet":{"background-color":"var(--ast-global-color-5)","background-image":"","background-repeat":"repeat","background-position":"center center","background-size":"auto","background-attachment":"scroll","background-type":"","background-media":"","overlay-type":"","overlay-color":"","overlay-opacity":"","overlay-gradient":""},"mobile":{"background-color":"var(--ast-global-color-5)","background-image":"","background-repeat":"repeat","background-position":"center center","background-size":"auto","background-attachment":"scroll","background-type":"","background-media":"","overlay-type":"","overlay-color":"","overlay-opacity":"","overlay-gradient":""}}},"product_brand":[],"product_cat":[5114],"product_tag":[],"class_list":{"0":"post-13402","1":"product","2":"type-product","3":"status-publish","4":"has-post-thumbnail","6":"product_cat-panaderia","7":"desktop-align-left","8":"tablet-align-left","9":"mobile-align-left","11":"first","12":"instock","13":"shipping-taxable","14":"product-type-external"},"_links":{"self":[{"href":"https:\/\/elfornerdealella.com\/ca\/wp-json\/wp\/v2\/product\/13402","targetHints":{"allow":["GET"]}}],"collection":[{"href":"https:\/\/elfornerdealella.com\/ca\/wp-json\/wp\/v2\/product"}],"about":[{"href":"https:\/\/elfornerdealella.com\/ca\/wp-json\/wp\/v2\/types\/product"}],"replies":[{"embeddable":true,"href":"https:\/\/elfornerdealella.com\/ca\/wp-json\/wp\/v2\/comments?post=13402"}],"wp:featuredmedia":[{"embeddable":true,"href":"https:\/\/elfornerdealella.com\/ca\/wp-json\/wp\/v2\/media\/13405"}],"wp:attachment":[{"href":"https:\/\/elfornerdealella.com\/ca\/wp-json\/wp\/v2\/media?parent=13402"}],"wp:term":[{"taxonomy":"product_brand","embeddable":true,"href":"https:\/\/elfornerdealella.com\/ca\/wp-json\/wp\/v2\/product_brand?post=13402"},{"taxonomy":"product_cat","embeddable":true,"href":"https:\/\/elfornerdealella.com\/ca\/wp-json\/wp\/v2\/product_cat?post=13402"},{"taxonomy":"product_tag","embeddable":true,"href":"https:\/\/elfornerdealella.com\/ca\/wp-json\/wp\/v2\/product_tag?post=13402"}],"curies":[{"name":"wp","href":"https:\/\/api.w.org\/{rel}","templated":true}]}}