{"id":13294,"date":"2024-10-08T15:50:45","date_gmt":"2024-10-08T13:50:45","guid":{"rendered":"https:\/\/elfornerdealella.com\/?post_type=product&#038;p=13294"},"modified":"2024-10-09T16:04:40","modified_gmt":"2024-10-09T14:04:40","slug":"reixeta-per-a-bagettes","status":"publish","type":"product","link":"https:\/\/elfornerdealella.com\/ca\/tienda\/panaderia\/rejilla-para-bagettes\/","title":{"rendered":"Reixeta Per a Bagettes"},"content":{"rendered":"<p>La <strong>reixeta per a baguettes d&#039;Hotec<\/strong> \u00e9s l&#039;accessori ideal per als amants del pa casol\u00e0. Aquest motlle perforat est\u00e0 dissenyat espec\u00edficament per coure fins a quatre baguettes alhora, assegurant una cocci\u00f3 uniforme i una escor\u00e7a cruixent gr\u00e0cies al seu disseny amb microforats, que permet una \u00f2ptima circulaci\u00f3 de l&#039;aire i evita la condensaci\u00f3. Fabricada amb acer al carboni d&#039;alta qualitat amb un recobriment antiadherent, aquesta reixeta \u00e9s resistent a la calor ia l&#039;\u00fas prolongat. La seva estructura robusta facilita el seu maneig i garanteix resultats perfectes a cada fornejada. A m\u00e9s, \u00e9s f\u00e0cil de netejar i compatible amb rentaplats. Ideal tant per a forners principiants com per a professionals, aquesta reixeta far\u00e0 que enfornar baguettes a casa sigui senzill i eficient.<\/p>","protected":false},"excerpt":{"rendered":"<p>La rejilla para baguettes de Hotec es el accesorio ideal para los amantes del pan casero. Este molde perforado est\u00e1 dise\u00f1ado espec\u00edficamente para hornear hasta cuatro baguettes al mismo tiempo, asegurando una cocci\u00f3n uniforme y una corteza crujiente gracias a su dise\u00f1o con microagujeros, que permite una \u00f3ptima circulaci\u00f3n del aire y evita la condensaci\u00f3n. [&hellip;]<\/p>\n","protected":false},"featured_media":13295,"comment_status":"open","ping_status":"closed","template":"","meta":{"site-sidebar-layout":"default","site-content-layout":"","ast-site-content-layout":"default","site-content-style":"default","site-sidebar-style":"default","ast-global-header-display":"","ast-banner-title-visibility":"","ast-main-header-display":"","ast-hfb-above-header-display":"","ast-hfb-below-header-display":"","ast-hfb-mobile-header-display":"","site-post-title":"","ast-breadcrumbs-content":"","ast-featured-img":"","footer-sml-layout":"","ast-disable-related-posts":"","theme-transparent-header-meta":"default","adv-header-id-meta":"","stick-header-meta":"","header-above-stick-meta":"","header-main-stick-meta":"","header-below-stick-meta":"","astra-migrate-meta-layouts":"set","ast-page-background-enabled":"default","ast-page-background-meta":{"desktop":{"background-color":"","background-image":"","background-repeat":"repeat","background-position":"center center","background-size":"auto","background-attachment":"scroll","background-type":"","background-media":"","overlay-type":"","overlay-color":"","overlay-opacity":"","overlay-gradient":""},"tablet":{"background-color":"","background-image":"","background-repeat":"repeat","background-position":"center center","background-size":"auto","background-attachment":"scroll","background-type":"","background-media":"","overlay-type":"","overlay-color":"","overlay-opacity":"","overlay-gradient":""},"mobile":{"background-color":"","background-image":"","background-repeat":"repeat","background-position":"center center","background-size":"auto","background-attachment":"scroll","background-type":"","background-media":"","overlay-type":"","overlay-color":"","overlay-opacity":"","overlay-gradient":""}},"ast-content-background-meta":{"desktop":{"background-color":"var(--ast-global-color-5)","background-image":"","background-repeat":"repeat","background-position":"center center","background-size":"auto","background-attachment":"scroll","background-type":"","background-media":"","overlay-type":"","overlay-color":"","overlay-opacity":"","overlay-gradient":""},"tablet":{"background-color":"var(--ast-global-color-5)","background-image":"","background-repeat":"repeat","background-position":"center center","background-size":"auto","background-attachment":"scroll","background-type":"","background-media":"","overlay-type":"","overlay-color":"","overlay-opacity":"","overlay-gradient":""},"mobile":{"background-color":"var(--ast-global-color-5)","background-image":"","background-repeat":"repeat","background-position":"center center","background-size":"auto","background-attachment":"scroll","background-type":"","background-media":"","overlay-type":"","overlay-color":"","overlay-opacity":"","overlay-gradient":""}}},"product_brand":[],"product_cat":[5114],"product_tag":[],"class_list":{"0":"post-13294","1":"product","2":"type-product","3":"status-publish","4":"has-post-thumbnail","6":"product_cat-panaderia","7":"desktop-align-left","8":"tablet-align-left","9":"mobile-align-left","11":"first","12":"instock","13":"shipping-taxable","14":"product-type-external"},"_links":{"self":[{"href":"https:\/\/elfornerdealella.com\/ca\/wp-json\/wp\/v2\/product\/13294","targetHints":{"allow":["GET"]}}],"collection":[{"href":"https:\/\/elfornerdealella.com\/ca\/wp-json\/wp\/v2\/product"}],"about":[{"href":"https:\/\/elfornerdealella.com\/ca\/wp-json\/wp\/v2\/types\/product"}],"replies":[{"embeddable":true,"href":"https:\/\/elfornerdealella.com\/ca\/wp-json\/wp\/v2\/comments?post=13294"}],"wp:featuredmedia":[{"embeddable":true,"href":"https:\/\/elfornerdealella.com\/ca\/wp-json\/wp\/v2\/media\/13295"}],"wp:attachment":[{"href":"https:\/\/elfornerdealella.com\/ca\/wp-json\/wp\/v2\/media?parent=13294"}],"wp:term":[{"taxonomy":"product_brand","embeddable":true,"href":"https:\/\/elfornerdealella.com\/ca\/wp-json\/wp\/v2\/product_brand?post=13294"},{"taxonomy":"product_cat","embeddable":true,"href":"https:\/\/elfornerdealella.com\/ca\/wp-json\/wp\/v2\/product_cat?post=13294"},{"taxonomy":"product_tag","embeddable":true,"href":"https:\/\/elfornerdealella.com\/ca\/wp-json\/wp\/v2\/product_tag?post=13294"}],"curies":[{"name":"wp","href":"https:\/\/api.w.org\/{rel}","templated":true}]}}