{"id":13292,"date":"2024-10-08T15:42:49","date_gmt":"2024-10-08T13:42:49","guid":{"rendered":"https:\/\/elfornerdealella.com\/?post_type=product&#038;p=13292"},"modified":"2024-10-09T16:07:18","modified_gmt":"2024-10-09T14:07:18","slug":"tapet-de-silicona-rodo","status":"publish","type":"product","link":"https:\/\/elfornerdealella.com\/ca\/tienda\/panaderia\/tapete-de-silicona-redondo\/","title":{"rendered":"Tapet de Silicona Rod\u00f3"},"content":{"rendered":"<p>La <strong>estora de silicona antiadherent Hastazi<\/strong> \u00e9s l&#039;accessori perfecte per a les teves sessions de rebosteria i fleca. Fabricada amb silicona d&#039;alta qualitat, aquesta estora \u00e9s ideal per coure galetes, pa, pizza i molt m\u00e9s sense necessitat d&#039;utilitzar olis o esprais antiadherents. La seva mida generosa la converteix en una superf\u00edcie pr\u00e0ctica per treballar qualsevol tipus de massa, mentre que la seva resist\u00e8ncia a la calor garanteix un fornejat uniforme fins a 260 \u00b0C. A m\u00e9s, \u00e9s f\u00e0cil de netejar i apta per a rentaplats, cosa que la converteix en un utensili imprescindible en qualsevol cuina. Millora els teus resultats de fornejat amb aquesta estora duradora, reutilitzable i respectuosa amb el medi ambient. Perfecta per a rebosters aficionats i professionals que busquen una alternativa sense residus al paper de forn.<\/p>","protected":false},"excerpt":{"rendered":"<p>La alfombrilla de silicona antiadherente Hastazi es el accesorio perfecto para tus sesiones de reposter\u00eda y panader\u00eda. Fabricada con silicona de alta calidad, esta alfombrilla es ideal para hornear galletas, pan, pizza y mucho m\u00e1s sin necesidad de utilizar aceites o sprays antiadherentes. Su tama\u00f1o generoso la convierte en una superficie pr\u00e1ctica para trabajar cualquier [&hellip;]<\/p>\n","protected":false},"featured_media":13293,"comment_status":"open","ping_status":"closed","template":"","meta":{"site-sidebar-layout":"default","site-content-layout":"","ast-site-content-layout":"default","site-content-style":"default","site-sidebar-style":"default","ast-global-header-display":"","ast-banner-title-visibility":"","ast-main-header-display":"","ast-hfb-above-header-display":"","ast-hfb-below-header-display":"","ast-hfb-mobile-header-display":"","site-post-title":"","ast-breadcrumbs-content":"","ast-featured-img":"","footer-sml-layout":"","ast-disable-related-posts":"","theme-transparent-header-meta":"default","adv-header-id-meta":"","stick-header-meta":"","header-above-stick-meta":"","header-main-stick-meta":"","header-below-stick-meta":"","astra-migrate-meta-layouts":"set","ast-page-background-enabled":"default","ast-page-background-meta":{"desktop":{"background-color":"","background-image":"","background-repeat":"repeat","background-position":"center center","background-size":"auto","background-attachment":"scroll","background-type":"","background-media":"","overlay-type":"","overlay-color":"","overlay-opacity":"","overlay-gradient":""},"tablet":{"background-color":"","background-image":"","background-repeat":"repeat","background-position":"center center","background-size":"auto","background-attachment":"scroll","background-type":"","background-media":"","overlay-type":"","overlay-color":"","overlay-opacity":"","overlay-gradient":""},"mobile":{"background-color":"","background-image":"","background-repeat":"repeat","background-position":"center center","background-size":"auto","background-attachment":"scroll","background-type":"","background-media":"","overlay-type":"","overlay-color":"","overlay-opacity":"","overlay-gradient":""}},"ast-content-background-meta":{"desktop":{"background-color":"var(--ast-global-color-5)","background-image":"","background-repeat":"repeat","background-position":"center center","background-size":"auto","background-attachment":"scroll","background-type":"","background-media":"","overlay-type":"","overlay-color":"","overlay-opacity":"","overlay-gradient":""},"tablet":{"background-color":"var(--ast-global-color-5)","background-image":"","background-repeat":"repeat","background-position":"center center","background-size":"auto","background-attachment":"scroll","background-type":"","background-media":"","overlay-type":"","overlay-color":"","overlay-opacity":"","overlay-gradient":""},"mobile":{"background-color":"var(--ast-global-color-5)","background-image":"","background-repeat":"repeat","background-position":"center center","background-size":"auto","background-attachment":"scroll","background-type":"","background-media":"","overlay-type":"","overlay-color":"","overlay-opacity":"","overlay-gradient":""}}},"product_brand":[],"product_cat":[5114],"product_tag":[],"class_list":{"0":"post-13292","1":"product","2":"type-product","3":"status-publish","4":"has-post-thumbnail","6":"product_cat-panaderia","7":"desktop-align-left","8":"tablet-align-left","9":"mobile-align-left","11":"first","12":"instock","13":"shipping-taxable","14":"product-type-external"},"_links":{"self":[{"href":"https:\/\/elfornerdealella.com\/ca\/wp-json\/wp\/v2\/product\/13292","targetHints":{"allow":["GET"]}}],"collection":[{"href":"https:\/\/elfornerdealella.com\/ca\/wp-json\/wp\/v2\/product"}],"about":[{"href":"https:\/\/elfornerdealella.com\/ca\/wp-json\/wp\/v2\/types\/product"}],"replies":[{"embeddable":true,"href":"https:\/\/elfornerdealella.com\/ca\/wp-json\/wp\/v2\/comments?post=13292"}],"wp:featuredmedia":[{"embeddable":true,"href":"https:\/\/elfornerdealella.com\/ca\/wp-json\/wp\/v2\/media\/13293"}],"wp:attachment":[{"href":"https:\/\/elfornerdealella.com\/ca\/wp-json\/wp\/v2\/media?parent=13292"}],"wp:term":[{"taxonomy":"product_brand","embeddable":true,"href":"https:\/\/elfornerdealella.com\/ca\/wp-json\/wp\/v2\/product_brand?post=13292"},{"taxonomy":"product_cat","embeddable":true,"href":"https:\/\/elfornerdealella.com\/ca\/wp-json\/wp\/v2\/product_cat?post=13292"},{"taxonomy":"product_tag","embeddable":true,"href":"https:\/\/elfornerdealella.com\/ca\/wp-json\/wp\/v2\/product_tag?post=13292"}],"curies":[{"name":"wp","href":"https:\/\/api.w.org\/{rel}","templated":true}]}}