{"id":5356,"date":"2021-03-15T22:04:11","date_gmt":"2021-03-15T21:04:11","guid":{"rendered":"https:\/\/nova.elfornerdealella.com\/?page_id=5356"},"modified":"2024-07-19T05:03:59","modified_gmt":"2024-07-19T03:03:59","slug":"politica-de-privadesa","status":"publish","type":"page","link":"https:\/\/elfornerdealella.com\/ca\/politica-de-privacidad\/","title":{"rendered":"Pol\u00edtica de Privadesa"},"content":{"rendered":"<div data-elementor-type=\"wp-page\" data-elementor-id=\"5356\" class=\"elementor elementor-5356\" data-elementor-post-type=\"page\">\n\t\t\t\t<div class=\"elementor-element elementor-element-323864ec e-flex e-con-boxed e-con e-parent\" data-id=\"323864ec\" data-element_type=\"container\" data-e-type=\"container\">\n\t\t\t\t\t<div class=\"e-con-inner\">\n\t\t\t\t<div class=\"elementor-element elementor-element-677c7f52 elementor-widget elementor-widget-text-editor\" data-id=\"677c7f52\" data-element_type=\"widget\" data-e-type=\"widget\" data-widget_type=\"text-editor.default\">\n\t\t\t\t<div class=\"elementor-widget-container\">\n\t\t\t\t\t\t\t\t\t<h3>1. DADES IDENTIFICATIVES<\/h3>\nEn compliment amb el deure informaci\u00f3 recollit a l&#039;article 10 de la Llei 34\/2002, d&#039;11 de juliol, de Serveis de la Societat de la Informaci\u00f3 i del Comer\u00e7 Electr\u00f2nic, a continuaci\u00f3 es reflecteixen les dades seg\u00fcents: l&#039;empresa titular de domini web ca <a href=\"https:\/\/elfornerdealella.com\/ca\/\">elfornerdealella.com<\/a> (Aldaxaservis SL) amb domicili a aquests efectes al Carrer Amposta 7 n\u00famero de CIF: B65557571 inscrita al Registre Mercantil de Barcelona al tom 42556 general, foli 144, Full B409742, inscripci\u00f3 1. Correu electr\u00f2nic de contacte: hola@elfornerdealella.com\n<h3>2. USUARIS<\/h3>\nL&#039;acc\u00e9s i\/o \u00fas d&#039;aquest portal d&#039;Aldaxaservis SL creadora del lloc web atribueix la condici\u00f3 d&#039;USUARI, que accepta, des d&#039;aquest acc\u00e9s i\/o \u00fas, les Condicions Generals d&#039;\u00das reflectides aqu\u00ed. Les condicions esmentades seran aplicables independentment de les condicions generals de contractaci\u00f3 que, si s&#039;escau, resultin de compliment obligat.\n<h3>3. \u00daS DEL PORTAL<\/h3>\n<a href=\"https:\/\/elfornerdealella.com\/ca\/\"> elfornerdealella.com<\/a> proporciona l&#039;acc\u00e9s a multitud d&#039;informacions, serveis, programes o dades (d&#039;ara endavant, els continguts) a Internet pertanyents a Aldaxaservis SL o als seus llicenciants als quals l&#039;USUARI pugui tenir acc\u00e9s. L\u00b4USUARI assumeix la responsabilitat de l\u00b4\u00fas del portal. Aquesta responsabilitat s&#039;est\u00e9n al registre necessari per accedir a determinats serveis o continguts. En aquest registre, l&#039;USUARI ser\u00e0 responsable d&#039;aportar informaci\u00f3 vera\u00e7 i l\u00edcita. Com a conseq\u00fc\u00e8ncia d&#039;aquest registre, a l&#039;USUARI se li pot proporcionar una contrasenya de la qual ser\u00e0 responsable, comprometent-se a fer-ne un \u00fas diligent i confidencial. L&#039;USUARI es compromet a fer un \u00fas adequat dels continguts i serveis (com ara serveis de xat, f\u00f2rums de discussi\u00f3 o grups de not\u00edcies) que Aldaxaservis SL ofereix a trav\u00e9s del seu portal i amb car\u00e0cter enunciatiu per\u00f2 no limitatiu, a no emprar-los per a (i) inc\u00f3rrer en activitats il\u00b7l\u00edcites, il\u00b7legals o contr\u00e0ries a la bona fe ia l&#039;ordre p\u00fablic; (ii) difondre continguts o propaganda de car\u00e0cter racista, xen\u00f2fob, pornogr\u00e0fic-il\u00b7legal, d&#039;apologia del terrorisme o atemptatori contra els drets humans; (iii) provocar danys als sistemes f\u00edsics i l\u00f2gics d&#039;Aldaxaservis SL, dels seus prove\u00efdors o de terceres persones, introduir o difondre a la xarxa virus inform\u00e0tics o qualssevol altres sistemes f\u00edsics o l\u00f2gics que siguin susceptibles de provocar els danys anteriorment esmentats; (iv) intentar accedir i, si escau, utilitzar els comptes de correu electr\u00f2nic d&#039;altres usuaris i modificar-ne o manipular-ne els missatges. Aldaxaservis SL es reserva el dret de retirar tots aquells comentaris i aportacions que vulnerin el respecte a la dignitat de la persona, que siguin discriminatoris, xen\u00f2fobs, racistes, pornogr\u00e0fics, que atemptin contra la joventut o la inf\u00e0ncia, l&#039;ordre o la seguretat p\u00fablica o que, a parer seu, no resultessin adequats per a la seva publicaci\u00f3. En qualsevol cas, Aldaxaservis SL no ser\u00e0 responsable de les opinions abocades pels usuaris a trav\u00e9s dels f\u00f2rums, xats o altres eines de participaci\u00f3.\n<h3>4. PROTECCI\u00d3 DE DADES<\/h3>\nAldaxaservis SL compleix les directrius de la Llei Org\u00e0nica 15\/1999 de 13 de desembre de Protecci\u00f3 de Dades de Car\u00e0cter Personal, el Reial Decret 1720\/2007 de 21 de desembre pel qual s&#039;aprova el Reglament de desplegament de la Llei Org\u00e0nica i altres normativa vigent a cada moment, i vetlla per garantir un correcte \u00fas i tractament de les dades personals de l&#039;usuari. Per aix\u00f2, juntament amb cada formulari de recollida de dades de car\u00e0cter personal, en els serveis que l&#039;usuari pugui sol\u00b7licitar a Aldaxaservis SL creadora del lloc web, far\u00e0 saber a l&#039;usuari de l&#039;exist\u00e8ncia i acceptaci\u00f3 de les condicions particulars del tractament de les seves dades a cada cas, informant-lo de la responsabilitat del fitxer creat, l&#039;adre\u00e7a del responsable, la possibilitat d&#039;exercir els seus drets d&#039;acc\u00e9s, rectificaci\u00f3, cancel\u00b7laci\u00f3 o oposici\u00f3, la finalitat del tractament i les comunicacions de dades a tercers si escau. Aix\u00ed mateix, Aldaxaservis SL informa que d\u00f3na compliment a la Llei 34\/2002 d&#039;11 de juliol, de Serveis de la Societat de la Informaci\u00f3 i el Comer\u00e7 Electr\u00f2nic i us sol\u00b7licitar\u00e0 el vostre consentiment al tractament del vostre correu electr\u00f2nic amb fins comercials en cada moment.\n<h3>5. PROPIETAT INTEL\u00b7LECTUAL I INDUSTRIAL<\/h3>\nAldaxaservis SL creadora del lloc web per si mateix o com a cession\u00e0ria, \u00e9s titular de tots els drets de propietat intel\u00b7lectual i industrial de la seva p\u00e0gina web, aix\u00ed com dels elements continguts en aquesta (a t\u00edtol enunciatiu, imatges, so, \u00e0udio, v\u00eddeo, programari o textos; marques o logotips, combinacions de colors, estructura i disseny, selecci\u00f3 de materials usats, programes d&#039;ordinador necessaris per al seu funcionament, acc\u00e9s i \u00fas, etc.), titularitat d&#039;Aldaxaservis SL creadora del lloc web o b\u00e9 dels seus llicenciants . Tots els drets reservats. En virtut del que disposen els articles 8 i 32.1, par\u00e0graf segon, de la Llei de propietat intel\u00b7lectual, queden expressament prohibides la reproducci\u00f3, la distribuci\u00f3 i la comunicaci\u00f3 p\u00fablica, inclosa la seva modalitat de posada a disposici\u00f3, de la totalitat o part dels continguts d&#039;aquesta p\u00e0gina web, amb finalitats comercials, en qualsevol suport i per qualsevol mitj\u00e0 t\u00e8cnic, sense l&#039;autoritzaci\u00f3 d&#039;Aldaxaservis SL L&#039;USUARI es compromet a respectar els drets de propietat intel\u00b7lectual i industrial titularitat d&#039;Aldaxaservis SL. Podreu visualitzar els elements del portal i fins i tot imprimir-los, copiar-los i emmagatzemar-los al disc dur del vostre ordinador o en qualsevol altre suport f\u00edsic sempre que sigui, \u00fanica i exclusivament, per al seu \u00fas personal i privat. L&#039;USUARI haur\u00e0 d&#039;abstenir-se de suprimir, alterar, eludir o manipular qualsevol dispositiu de protecci\u00f3 o sistema de seguretat que estigu\u00e9s instal\u00b7lat a les p\u00e0gines d&#039;Aldaxaservis SL\n<h3>6. EXCLUSI\u00d3 DE GARANTIES I RESPONSABILITAT<\/h3>\nAldaxaservis SL no es fa responsable, en cap cas, dels danys i perjudicis de qualsevol naturalesa que poguessin ocasionar, a t\u00edtol enunciatiu: errors o omissions en els continguts, manca de disponibilitat del portal o la transmissi\u00f3 de virus o programes maliciosos o lesius en els continguts, tot i haver adoptat totes les mesures tecnol\u00f2giques necess\u00e0ries per evitar-ho.\n<h3>7. MODIFICACIONS<\/h3>\nAldaxaservis SL es reserva el dret d&#039;efectuar sense previ av\u00eds les modificacions que consideri oportunes al seu portal, podent canviar, suprimir o afegir tant els continguts i serveis que es prestin a trav\u00e9s d&#039;aquesta com la forma en qu\u00e8 aquests apareguin presentats o localitzats al portal.\n<h3>8. ENLLA\u00c7OS<\/h3>\nEn cas que a elfornerdealella.com es disposessin enlla\u00e7os o hipervincles cap a altres llocs d&#039;Internet, Aldaxaservis SL no exercir\u00e0 cap tipus de control sobre aquests llocs i continguts. En cap cas Aldaxaservis SL assumir\u00e0 cap responsabilitat pels continguts d&#039;algun enlla\u00e7 pertanyent a un lloc web ali\u00e8, ni garantir\u00e0 la disponibilitat t\u00e8cnica, qualitat, fiabilitat, exactitud, amplitud, veracitat, validesa i constitucionalitat de qualsevol material o informaci\u00f3 continguda en cap d&#039;aquests. hipervincles o altres llocs dInternet. Igualment, la inclusi\u00f3 d&#039;aquestes connexions externes no implicar\u00e0 cap tipus d&#039;associaci\u00f3, fusi\u00f3 o participaci\u00f3 amb les entitats connectades.\n<h3>9. DRET D&#039;EXCLUSI\u00d3<\/h3>\nAldaxaservis SL es reserva el dret a denegar o retirar l&#039;acc\u00e9s a portal i\/o als serveis oferts sense necessitat de preav\u00eds, a inst\u00e0ncia pr\u00f2pia o d&#039;un tercer, a aquells usuaris que incompleixin aquestes Condicions Generals d&#039;\u00das.\n<h3>10.GENERALITATS<\/h3>\nAldaxaservis SL perseguir\u00e0 l&#039;incompliment de les presents condicions aix\u00ed com qualsevol utilitzaci\u00f3 indeguda del portal exercint totes les accions civils i penals que li puguin correspondre en dret.\n<h3>11. MODIFICACI\u00d3 DE LES PRESENTS CONDICIONS I DURADA<\/h3>\nAldaxaservis SL podr\u00e0 modificar en qualsevol moment les condicions aqu\u00ed determinades, sent degudament publicades com aqu\u00ed apareixen. La vig\u00e8ncia de les condicions esmentades anir\u00e0 en funci\u00f3 de la seva exposici\u00f3 i estaran vigents fins que siguin modificades per altres degudament publicades.\n<h3>12. LEGISLACI\u00d3 APLICABLE I JURISDICCI\u00d3<\/h3>\nLa relaci\u00f3 entre Aldaxaservis SL i l&#039;USUARI es regir\u00e0 per la normativa espanyola vigent i qualsevol controv\u00e8rsia se sotmetr\u00e0 als jutjats i tribunals de la ciutat de Madrid.\n<h3>13. POL\u00cdTICA DE COOKIES<\/h3>\nUna <em>galeta<\/em> \u00e9s un petit fitxer de text que s&#039;emmagatzema al vostre navegador quan visita gaireb\u00e9 qualsevol p\u00e0gina web, no confondre amb alguna de les galetes que pots trobar en aquesta p\u00e0gina. La seva utilitat \u00e9s que la web sigui capa\u00e7 de recordar la vostra visita quan torneu a navegar per aquesta p\u00e0gina. Les <em>cookies<\/em> solen emmagatzemar informaci\u00f3 de car\u00e0cter t\u00e8cnic, prefer\u00e8ncies personals, personalitzaci\u00f3 de continguts, estad\u00edstiques d\u00fas, enlla\u00e7os a xarxes socials, acc\u00e9s a comptes dusuari, etc. L&#039;objectiu de la <em>galeta<\/em> \u00e9s adaptar el contingut de la web al seu perfil i necessitats, sense <em>cookies<\/em> els serveis oferts per qualsevol p\u00e0gina es veurien minvats notablement. Si voleu consultar m\u00e9s informaci\u00f3 sobre qu\u00e8 s\u00f3n les <em>cookies<\/em>, qu\u00e8 emmagatzemen, com eliminar-les, desactivar-les, etc., <a href=\"https:\/\/elfornerdealella.com\/ca\/mas-informacion-sobre-las-cookies\/\">us preguem es dirigeixi a aquest enlla\u00e7.<\/a>\n<h4>Cookies utilitzades en aquest lloc web<\/h4>\nSeguint les directrius de l&#039;Ag\u00e8ncia Espanyola de Protecci\u00f3 de Dades procedim a detallar l&#039;\u00fas de <em>cookies<\/em> que fa aquesta web per tal d&#039;informar-vos amb la m\u00e0xima exactitud possible. Aquest lloc web utilitza les seg\u00fcents <strong>cookies pr\u00f2pies<\/strong>:\n<ul>\n \t<li>Cookies de sessi\u00f3, per garantir que els usuaris que escriguin comentaris al bloc siguin humans i no aplicacions automatitzades. D&#039;aquesta manera es combat el <em>spam<\/em>.<\/li>\n<\/ul>\nAquest lloc web utilitza les seg\u00fcents <strong>cookies de tercers<\/strong>:\n<ul>\n \t<li>Google Analytics: Magatzem <em>cookies<\/em> per poder elaborar estad\u00edstiques sobre el tr\u00e0nsit i el volum de visites d&#039;aquesta web. En utilitzar aquest lloc web est\u00e0 consentint el tractament dinformaci\u00f3 sobre vost\u00e8 per Google. Per tant, l&#039;exercici de qualsevol dret en aquest sentit ho haur\u00e0 de fer comunicant directament amb Google.<\/li>\n \t<li>Xarxes socials: Cada xarxa social utilitza les seves pr\u00f2pies <em>cookies<\/em> perqu\u00e8 pugueu punxar en botons del tipus <em>M&#039;agrada<\/em> o <em>Compartir<\/em>.<\/li>\n<\/ul>\n<h4>Desactivaci\u00f3 o eliminaci\u00f3 de cookies<\/h4>\n<div class=\"adsb30\"><\/div>\nEn qualsevol moment podreu exercir el vostre dret de desactivaci\u00f3 o eliminaci\u00f3 de cookies d&#039;aquest lloc web. Aquestes accions es realitzen de manera diferent en funci\u00f3 del navegador que utilitzeu. <a href=\"https:\/\/elfornerdealella.com\/ca\/mas-informacion-sobre-las-cookies\/#navegadores\">Aqu\u00ed us deixem una guia r\u00e0pida per als navegadors m\u00e9s populars<\/a>.\n<h4>Notes addicionals<\/h4>\n<ul>\n \t<li>Ni aquesta web ni els seus representants legals es fan responsables ni del contingut ni de la veracitat de les pol\u00edtiques de privadesa que puguin tenir els tercers esmentats en aquesta pol\u00edtica de <em>cookies<\/em>.<\/li>\n \t<li>Els navegadors web s\u00f3n les eines encarregades d&#039;emmagatzemar les <em>cookies<\/em> i des d&#039;aquest lloc ha d&#039;efectuar el dret a eliminar-lo o desactivar-lo. Ni aquesta web ni els seus representants legals poden garantir la correcta o incorrecta manipulaci\u00f3 de les <em>cookies<\/em> per part dels esmentats navegadors.<\/li>\n \t<li>En alguns casos cal instal\u00b7lar <em>cookies<\/em> perqu\u00e8 el navegador no oblidi la seva decisi\u00f3 de no acceptar-les.<\/li>\n \t<li>En el cas de les <em>cookies<\/em> de Google Analytics, aquesta empresa emmagatzema les <em>cookies<\/em> a servidors ubicats als Estats Units i es compromet a no compartir-la amb tercers, excepte en els casos en qu\u00e8 sigui necessari per al funcionament del sistema o quan la llei obligui a aquest efecte. Segons Google no desa la vostra adre\u00e7a IP. Google Inc. \u00e9s una companyia adherida a l&#039;Acord de Port Segur que garanteix que totes les dades transferides seran tractades amb un nivell de protecci\u00f3 d&#039;acord amb la normativa europea. Podeu consultar informaci\u00f3 detallada en aquest enlla\u00e7. Si voleu informaci\u00f3 sobre l&#039;\u00fas que Google d\u00f3na a les galetes <a href=\"https:\/\/developers.google.com\/analytics\/devguides\/collection\/analyticsjs\/cookie-usage?hl=es&amp;csw=1\" target=\"_blank\" rel=\"noopener\">us adjuntem aquest altre enlla\u00e7<\/a>.<\/li>\n \t<li>Per a qualsevol dubte o consulta sobre aquesta pol\u00edtica de <em>cookies<\/em> no dubteu a comunicar-vos amb nosaltres a trav\u00e9s de la secci\u00f3 de contacte.<\/li>\n<\/ul>\t\t\t\t\t\t\t\t<\/div>\n\t\t\t\t<\/div>\n\t\t\t\t\t<\/div>\n\t\t\t\t<\/div>\n\t\t\t\t<\/div>","protected":false},"excerpt":{"rendered":"<p>1. DATOS IDENTIFICATIVOS En cumplimiento con el deber de informaci\u00f3n recogido en art\u00edculo 10 de la Ley 34\/2002, de 11 de julio, de Servicios de la Sociedad de la Informaci\u00f3n y del Comercio Electr\u00f3nico, a continuaci\u00f3n se reflejan los siguientes datos: la empresa titular de dominio web es elfornerdealella.com (Aldaxaservis S.L) con domicilio a estos [&hellip;]<\/p>\n","protected":false},"author":1,"featured_media":0,"parent":0,"menu_order":0,"comment_status":"closed","ping_status":"closed","template":"","meta":{"site-sidebar-layout":"default","site-content-layout":"","ast-site-content-layout":"default","site-content-style":"default","site-sidebar-style":"default","ast-global-header-display":"","ast-banner-title-visibility":"","ast-main-header-display":"","ast-hfb-above-header-display":"","ast-hfb-below-header-display":"","ast-hfb-mobile-header-display":"","site-post-title":"","ast-breadcrumbs-content":"","ast-featured-img":"","footer-sml-layout":"","ast-disable-related-posts":"","theme-transparent-header-meta":"","adv-header-id-meta":"","stick-header-meta":"","header-above-stick-meta":"","header-main-stick-meta":"","header-below-stick-meta":"","astra-migrate-meta-layouts":"set","ast-page-background-enabled":"default","ast-page-background-meta":{"desktop":{"background-color":"","background-image":"","background-repeat":"repeat","background-position":"center center","background-size":"auto","background-attachment":"scroll","background-type":"","background-media":"","overlay-type":"","overlay-color":"","overlay-opacity":"","overlay-gradient":""},"tablet":{"background-color":"","background-image":"","background-repeat":"repeat","background-position":"center center","background-size":"auto","background-attachment":"scroll","background-type":"","background-media":"","overlay-type":"","overlay-color":"","overlay-opacity":"","overlay-gradient":""},"mobile":{"background-color":"","background-image":"","background-repeat":"repeat","background-position":"center center","background-size":"auto","background-attachment":"scroll","background-type":"","background-media":"","overlay-type":"","overlay-color":"","overlay-opacity":"","overlay-gradient":""}},"ast-content-background-meta":{"desktop":{"background-color":"var(--ast-global-color-5)","background-image":"","background-repeat":"repeat","background-position":"center center","background-size":"auto","background-attachment":"scroll","background-type":"","background-media":"","overlay-type":"","overlay-color":"","overlay-opacity":"","overlay-gradient":""},"tablet":{"background-color":"var(--ast-global-color-5)","background-image":"","background-repeat":"repeat","background-position":"center center","background-size":"auto","background-attachment":"scroll","background-type":"","background-media":"","overlay-type":"","overlay-color":"","overlay-opacity":"","overlay-gradient":""},"mobile":{"background-color":"var(--ast-global-color-5)","background-image":"","background-repeat":"repeat","background-position":"center center","background-size":"auto","background-attachment":"scroll","background-type":"","background-media":"","overlay-type":"","overlay-color":"","overlay-opacity":"","overlay-gradient":""}},"footnotes":""},"class_list":["post-5356","page","type-page","status-publish","hentry"],"_links":{"self":[{"href":"https:\/\/elfornerdealella.com\/ca\/wp-json\/wp\/v2\/pages\/5356","targetHints":{"allow":["GET"]}}],"collection":[{"href":"https:\/\/elfornerdealella.com\/ca\/wp-json\/wp\/v2\/pages"}],"about":[{"href":"https:\/\/elfornerdealella.com\/ca\/wp-json\/wp\/v2\/types\/page"}],"author":[{"embeddable":true,"href":"https:\/\/elfornerdealella.com\/ca\/wp-json\/wp\/v2\/users\/1"}],"replies":[{"embeddable":true,"href":"https:\/\/elfornerdealella.com\/ca\/wp-json\/wp\/v2\/comments?post=5356"}],"version-history":[{"count":5,"href":"https:\/\/elfornerdealella.com\/ca\/wp-json\/wp\/v2\/pages\/5356\/revisions"}],"predecessor-version":[{"id":12770,"href":"https:\/\/elfornerdealella.com\/ca\/wp-json\/wp\/v2\/pages\/5356\/revisions\/12770"}],"wp:attachment":[{"href":"https:\/\/elfornerdealella.com\/ca\/wp-json\/wp\/v2\/media?parent=5356"}],"curies":[{"name":"wp","href":"https:\/\/api.w.org\/{rel}","templated":true}]}}