{"id":12689,"date":"2024-07-18T16:38:44","date_gmt":"2024-07-18T14:38:44","guid":{"rendered":"https:\/\/nova.elfornerdealella.com\/?page_id=12689"},"modified":"2024-07-19T06:42:03","modified_gmt":"2024-07-19T04:42:03","slug":"llibre-de-receptes-de-cuina-casolana","status":"publish","type":"page","link":"https:\/\/elfornerdealella.com\/ca\/libro-de-recetas-de-cocina-casera\/","title":{"rendered":"Llibre de receptes de cuina casolana"},"content":{"rendered":"<div data-elementor-type=\"wp-page\" data-elementor-id=\"12689\" class=\"elementor elementor-12689\" data-elementor-post-type=\"page\">\n\t\t\t\t<div class=\"elementor-element elementor-element-dbc0eda e-flex e-con-boxed e-con e-parent\" data-id=\"dbc0eda\" data-element_type=\"container\" data-e-type=\"container\" data-settings=\"{&quot;background_background&quot;:&quot;classic&quot;}\">\n\t\t\t\t\t<div class=\"e-con-inner\">\n\t\t\t\t\t<\/div>\n\t\t\t\t<\/div>\n\t\t<div class=\"elementor-element elementor-element-5742b87 e-con-full e-flex e-con e-parent\" data-id=\"5742b87\" data-element_type=\"container\" data-e-type=\"container\" data-settings=\"{&quot;background_background&quot;:&quot;classic&quot;}\">\n\t\t<div class=\"elementor-element elementor-element-7682c65 e-con-full e-flex e-con e-child\" data-id=\"7682c65\" data-element_type=\"container\" data-e-type=\"container\">\n\t\t\t\t<div class=\"elementor-element elementor-element-ed02ab9 elementor-widget elementor-widget-heading\" data-id=\"ed02ab9\" data-element_type=\"widget\" data-e-type=\"widget\" data-widget_type=\"heading.default\">\n\t\t\t\t<div class=\"elementor-widget-container\">\n\t\t\t\t\t<h2 class=\"elementor-heading-title elementor-size-default\">Descobreix el nostre Llibre de Receptes<\/h2>\t\t\t\t<\/div>\n\t\t\t\t<\/div>\n\t\t\t\t<div class=\"elementor-element elementor-element-de780e8 elementor-widget elementor-widget-text-editor\" data-id=\"de780e8\" data-element_type=\"widget\" data-e-type=\"widget\" data-widget_type=\"text-editor.default\">\n\t\t\t\t<div class=\"elementor-widget-container\">\n\t\t\t\t\t\t\t\t\t<p>Estem emocionats de presentar <strong>\u201cCom a casa de la mare: Les millors receptes de la cuina casolana\u201d<\/strong>, un llibre que recull les nostres millors receptes perqu\u00e8 puguis gaudir de la cuina casolana de manera f\u00e0cil i divertida. Aquest llibre \u00e9s el resultat d&#039;anys de passi\u00f3 i de dedicaci\u00f3 a la gastronomia, pensat perqu\u00e8 cada plat sigui una experi\u00e8ncia inoblidable.<\/p><h4>Qu\u00e8 trobar\u00e0s al llibre?<\/h4><p>El nostre llibre ofereix una selecci\u00f3 acurada de receptes que inclou des de primers i segons plats fins a postres i pans casolans. Cada recepta est\u00e0 detallada pas a pas, amb instruccions clares i fotografies a tot color que us guiaran en cada proc\u00e9s. A m\u00e9s, inclou consells \u00fatils i trucs de cuina que us ajudaran a perfeccionar les vostres habilitats culin\u00e0ries.<\/p>\t\t\t\t\t\t\t\t<\/div>\n\t\t\t\t<\/div>\n\t\t\t\t<div class=\"elementor-element elementor-element-801bdd7 elementor-align-left elementor-widget elementor-widget-button\" data-id=\"801bdd7\" data-element_type=\"widget\" data-e-type=\"widget\" data-widget_type=\"button.default\">\n\t\t\t\t<div class=\"elementor-widget-container\">\n\t\t\t\t\t\t\t\t\t<div class=\"elementor-button-wrapper\">\n\t\t\t\t\t<a class=\"elementor-button elementor-button-link elementor-size-sm elementor-animation-grow\" href=\"https:\/\/www.amazon.es\/Como-casa-mam%C3%A1-mejores-Divulgaci%C3%B3n\/dp\/8425360382\" target=\"_blank\" rel=\"noopener\">\n\t\t\t\t\t\t<span class=\"elementor-button-content-wrapper\">\n\t\t\t\t\t\t<span class=\"elementor-button-icon\">\n\t\t\t\t<svg aria-hidden=\"true\" class=\"e-font-icon-svg e-fas-shopping-cart\" viewbox=\"0 0 576 512\" xmlns=\"http:\/\/www.w3.org\/2000\/svg\"><path d=\"M528.12 301.319l47.273-208C578.806 78.301 567.391 64 551.99 64H159.208l-9.166-44.81C147.758 8.021 137.93 0 126.529 0H24C10.745 0 0 10.745 0 24v16c0 13.255 10.745 24 24 24h69.883l70.248 343.435C147.325 417.1 136 435.222 136 456c0 30.928 25.072 56 56 56s56-25.072 56-56c0-15.674-6.447-29.835-16.824-40h209.647C430.447 426.165 424 440.326 424 456c0 30.928 25.072 56 56 56s56-25.072 56-56c0-22.172-12.888-41.332-31.579-50.405l5.517-24.276c3.413-15.018-8.002-29.319-23.403-29.319H218.117l-6.545-32h293.145c11.206 0 20.92-7.754 23.403-18.681z\"><\/path><\/svg>\t\t\t<\/span>\n\t\t\t\t\t\t\t\t\t<span class=\"elementor-button-text\">Comprar a Amazon<\/span>\n\t\t\t\t\t<\/span>\n\t\t\t\t\t<\/a>\n\t\t\t\t<\/div>\n\t\t\t\t\t\t\t\t<\/div>\n\t\t\t\t<\/div>\n\t\t\t\t<\/div>\n\t\t\t\t<div class=\"elementor-element elementor-element-7c8eb09 elementor-widget__width-initial elementor-widget-tablet__width-inherit elementor-widget elementor-widget-image\" data-id=\"7c8eb09\" data-element_type=\"widget\" data-e-type=\"widget\" data-widget_type=\"image.default\">\n\t\t\t\t<div class=\"elementor-widget-container\">\n\t\t\t\t\t\t\t\t\t\t\t\t\t\t\t<img fetchpriority=\"high\" decoding=\"async\" width=\"522\" height=\"522\" src=\"https:\/\/elfornerdealella.com\/wp-content\/uploads\/2024\/07\/614KL1xhQJL._SY522_.jpg\" class=\"attachment-large size-large wp-image-12871\" alt=\"Recepta de\" srcset=\"https:\/\/elfornerdealella.com\/wp-content\/uploads\/2024\/07\/614KL1xhQJL._SY522_.jpg 522w, https:\/\/elfornerdealella.com\/wp-content\/uploads\/2024\/07\/614KL1xhQJL._SY522_-300x300.jpg 300w, https:\/\/elfornerdealella.com\/wp-content\/uploads\/2024\/07\/614KL1xhQJL._SY522_-100x100.jpg 100w, https:\/\/elfornerdealella.com\/wp-content\/uploads\/2024\/07\/614KL1xhQJL._SY522_-80x80.jpg 80w, https:\/\/elfornerdealella.com\/wp-content\/uploads\/2024\/07\/614KL1xhQJL._SY522_-12x12.jpg 12w\" sizes=\"(max-width: 522px) 100vw, 522px\" title=\"Recepta de\">\t\t\t\t\t\t\t\t\t\t\t\t\t\t\t<\/div>\n\t\t\t\t<\/div>\n\t\t\t\t<\/div>\n\t\t<div class=\"elementor-element elementor-element-e6034e2 e-con-full e-flex e-con e-parent\" data-id=\"e6034e2\" data-element_type=\"container\" data-e-type=\"container\" data-settings=\"{&quot;background_background&quot;:&quot;classic&quot;}\">\n\t\t<div class=\"elementor-element elementor-element-86d6c52 e-con-full e-flex e-con e-child\" data-id=\"86d6c52\" data-element_type=\"container\" data-e-type=\"container\">\n\t\t\t\t<div class=\"elementor-element elementor-element-48c6d85 elementor-widget elementor-widget-heading\" data-id=\"48c6d85\" data-element_type=\"widget\" data-e-type=\"widget\" data-widget_type=\"heading.default\">\n\t\t\t\t<div class=\"elementor-widget-container\">\n\t\t\t\t\t<h2 class=\"elementor-heading-title elementor-size-default\">Caracter\u00edstiques del llibre<\/h2>\t\t\t\t<\/div>\n\t\t\t\t<\/div>\n\t\t\t\t<div class=\"elementor-element elementor-element-6b50f3d elementor-icon-list--layout-traditional elementor-list-item-link-full_width elementor-widget elementor-widget-icon-list\" data-id=\"6b50f3d\" data-element_type=\"widget\" data-e-type=\"widget\" data-widget_type=\"icon-list.default\">\n\t\t\t\t<div class=\"elementor-widget-container\">\n\t\t\t\t\t\t\t<ul class=\"elementor-icon-list-items\">\n\t\t\t\t\t\t\t<li class=\"elementor-icon-list-item\">\n\t\t\t\t\t\t\t\t\t\t\t<span class=\"elementor-icon-list-icon\">\n\t\t\t\t\t\t\t<svg aria-hidden=\"true\" class=\"e-font-icon-svg e-fas-check\" viewbox=\"0 0 512 512\" xmlns=\"http:\/\/www.w3.org\/2000\/svg\"><path d=\"M173.898 439.404l-166.4-166.4c-9.997-9.997-9.997-26.206 0-36.204l36.203-36.204c9.997-9.998 26.207-9.998 36.204 0L192 312.69 432.095 72.596c9.997-9.997 26.207-9.997 36.204 0l36.203 36.204c9.997 9.997 9.997 26.206 0 36.204l-294.4 294.401c-9.998 9.997-26.207 9.997-36.204-.001z\"><\/path><\/svg>\t\t\t\t\t\t<\/span>\n\t\t\t\t\t\t\t\t\t\t<span class=\"elementor-icon-list-text\">M\u00e9s de 100 receptes: Des de cl\u00e0ssics atemporals fins a innovacions culin\u00e0ries.<\/span>\n\t\t\t\t\t\t\t\t\t<\/li>\n\t\t\t\t\t\t\t\t<li class=\"elementor-icon-list-item\">\n\t\t\t\t\t\t\t\t\t\t\t<span class=\"elementor-icon-list-icon\">\n\t\t\t\t\t\t\t<svg aria-hidden=\"true\" class=\"e-font-icon-svg e-fas-check\" viewbox=\"0 0 512 512\" xmlns=\"http:\/\/www.w3.org\/2000\/svg\"><path d=\"M173.898 439.404l-166.4-166.4c-9.997-9.997-9.997-26.206 0-36.204l36.203-36.204c9.997-9.998 26.207-9.998 36.204 0L192 312.69 432.095 72.596c9.997-9.997 26.207-9.997 36.204 0l36.203 36.204c9.997 9.997 9.997 26.206 0 36.204l-294.4 294.401c-9.998 9.997-26.207 9.997-36.204-.001z\"><\/path><\/svg>\t\t\t\t\t\t<\/span>\n\t\t\t\t\t\t\t\t\t\t<span class=\"elementor-icon-list-text\">Instruccions detallades: Cada recepta ve amb instruccions f\u00e0cils de seguir, perfectes per a cuiners de tots els nivells.<\/span>\n\t\t\t\t\t\t\t\t\t<\/li>\n\t\t\t\t\t\t\t\t<li class=\"elementor-icon-list-item\">\n\t\t\t\t\t\t\t\t\t\t\t<span class=\"elementor-icon-list-icon\">\n\t\t\t\t\t\t\t<svg aria-hidden=\"true\" class=\"e-font-icon-svg e-fas-check\" viewbox=\"0 0 512 512\" xmlns=\"http:\/\/www.w3.org\/2000\/svg\"><path d=\"M173.898 439.404l-166.4-166.4c-9.997-9.997-9.997-26.206 0-36.204l36.203-36.204c9.997-9.998 26.207-9.998 36.204 0L192 312.69 432.095 72.596c9.997-9.997 26.207-9.997 36.204 0l36.203 36.204c9.997 9.997 9.997 26.206 0 36.204l-294.4 294.401c-9.998 9.997-26.207 9.997-36.204-.001z\"><\/path><\/svg>\t\t\t\t\t\t<\/span>\n\t\t\t\t\t\t\t\t\t\t<span class=\"elementor-icon-list-text\">Fotografies inspiradores: Imatges d&#039;alta qualitat que us mostraran el resultat final i us inspiraran a cuinar.<\/span>\n\t\t\t\t\t\t\t\t\t<\/li>\n\t\t\t\t\t\t\t\t<li class=\"elementor-icon-list-item\">\n\t\t\t\t\t\t\t\t\t\t\t<span class=\"elementor-icon-list-icon\">\n\t\t\t\t\t\t\t<svg aria-hidden=\"true\" class=\"e-font-icon-svg e-fas-check\" viewbox=\"0 0 512 512\" xmlns=\"http:\/\/www.w3.org\/2000\/svg\"><path d=\"M173.898 439.404l-166.4-166.4c-9.997-9.997-9.997-26.206 0-36.204l36.203-36.204c9.997-9.998 26.207-9.998 36.204 0L192 312.69 432.095 72.596c9.997-9.997 26.207-9.997 36.204 0l36.203 36.204c9.997 9.997 9.997 26.206 0 36.204l-294.4 294.401c-9.998 9.997-26.207 9.997-36.204-.001z\"><\/path><\/svg>\t\t\t\t\t\t<\/span>\n\t\t\t\t\t\t\t\t\t\t<span class=\"elementor-icon-list-text\">Consells i trucs: Secci\u00f3 especial amb consells pr\u00e0ctics per millorar les teves t\u00e8cniques a la cuina.<\/span>\n\t\t\t\t\t\t\t\t\t<\/li>\n\t\t\t\t\t\t<\/ul>\n\t\t\t\t\t\t<\/div>\n\t\t\t\t<\/div>\n\t\t\t\t<div class=\"elementor-element elementor-element-0155471 elementor-widget elementor-widget-text-editor\" data-id=\"0155471\" data-element_type=\"widget\" data-e-type=\"widget\" data-widget_type=\"text-editor.default\">\n\t\t\t\t<div class=\"elementor-widget-container\">\n\t\t\t\t\t\t\t\t\t<p>Un llibre bellament il\u00b7lustrat que evoca el receptari de la nostra mare i que far\u00e0 feli\u00e7\u2026 a qui cuina cada dia, a qui s&#039;inicia als fogons ia qui vol continuar gaudint de la bona cuina com a casa de la mare.<\/p><p>Tant si ets una persona amb bona m\u00e0 per a la cuina com si t&#039;inicies als secrets dels fogons, aquest llibre (concebut com els receptaris que les fam\u00edlies es passen de generaci\u00f3 a generaci\u00f3) \u00e9s ple d&#039;idees i propostes per organitzar un men\u00fa setmanal saludable, rememorar la cuina de sempre en una ocasi\u00f3 especial o descobrir plats tradicionals de tota la nostra geografia.<\/p>\t\t\t\t\t\t\t\t<\/div>\n\t\t\t\t<\/div>\n\t\t\t\t<div class=\"elementor-element elementor-element-1d15468 elementor-align-left elementor-widget elementor-widget-button\" data-id=\"1d15468\" data-element_type=\"widget\" data-e-type=\"widget\" data-widget_type=\"button.default\">\n\t\t\t\t<div class=\"elementor-widget-container\">\n\t\t\t\t\t\t\t\t\t<div class=\"elementor-button-wrapper\">\n\t\t\t\t\t<a class=\"elementor-button elementor-button-link elementor-size-sm elementor-animation-grow\" href=\"https:\/\/www.amazon.es\/Como-casa-mam%C3%A1-mejores-Divulgaci%C3%B3n\/dp\/8425360382\" target=\"_blank\" rel=\"noopener\">\n\t\t\t\t\t\t<span class=\"elementor-button-content-wrapper\">\n\t\t\t\t\t\t<span class=\"elementor-button-icon\">\n\t\t\t\t<svg aria-hidden=\"true\" class=\"e-font-icon-svg e-fas-shopping-cart\" viewbox=\"0 0 576 512\" xmlns=\"http:\/\/www.w3.org\/2000\/svg\"><path d=\"M528.12 301.319l47.273-208C578.806 78.301 567.391 64 551.99 64H159.208l-9.166-44.81C147.758 8.021 137.93 0 126.529 0H24C10.745 0 0 10.745 0 24v16c0 13.255 10.745 24 24 24h69.883l70.248 343.435C147.325 417.1 136 435.222 136 456c0 30.928 25.072 56 56 56s56-25.072 56-56c0-15.674-6.447-29.835-16.824-40h209.647C430.447 426.165 424 440.326 424 456c0 30.928 25.072 56 56 56s56-25.072 56-56c0-22.172-12.888-41.332-31.579-50.405l5.517-24.276c3.413-15.018-8.002-29.319-23.403-29.319H218.117l-6.545-32h293.145c11.206 0 20.92-7.754 23.403-18.681z\"><\/path><\/svg>\t\t\t<\/span>\n\t\t\t\t\t\t\t\t\t<span class=\"elementor-button-text\">Comprar a Amazon<\/span>\n\t\t\t\t\t<\/span>\n\t\t\t\t\t<\/a>\n\t\t\t\t<\/div>\n\t\t\t\t\t\t\t\t<\/div>\n\t\t\t\t<\/div>\n\t\t\t\t<\/div>\n\t\t\t\t<div class=\"elementor-element elementor-element-469aafa elementor-widget__width-initial elementor-widget-tablet__width-inherit elementor-widget elementor-widget-image\" data-id=\"469aafa\" data-element_type=\"widget\" data-e-type=\"widget\" data-widget_type=\"image.default\">\n\t\t\t\t<div class=\"elementor-widget-container\">\n\t\t\t\t\t\t\t\t\t\t\t\t\t\t\t<img decoding=\"async\" width=\"1587\" height=\"1494\" src=\"https:\/\/elfornerdealella.com\/wp-content\/uploads\/2024\/07\/B08T1QBMFL.01.S00H.JUMBOXXX-e1721364017790.jpg\" class=\"attachment-full size-full wp-image-12896\" alt=\"Recepta de\" srcset=\"https:\/\/elfornerdealella.com\/wp-content\/uploads\/2024\/07\/B08T1QBMFL.01.S00H.JUMBOXXX-e1721364017790.jpg 1587w, https:\/\/elfornerdealella.com\/wp-content\/uploads\/2024\/07\/B08T1QBMFL.01.S00H.JUMBOXXX-e1721364017790-600x565.jpg 600w, https:\/\/elfornerdealella.com\/wp-content\/uploads\/2024\/07\/B08T1QBMFL.01.S00H.JUMBOXXX-e1721364017790-300x282.jpg 300w, https:\/\/elfornerdealella.com\/wp-content\/uploads\/2024\/07\/B08T1QBMFL.01.S00H.JUMBOXXX-e1721364017790-1030x970.jpg 1030w, https:\/\/elfornerdealella.com\/wp-content\/uploads\/2024\/07\/B08T1QBMFL.01.S00H.JUMBOXXX-e1721364017790-768x723.jpg 768w, https:\/\/elfornerdealella.com\/wp-content\/uploads\/2024\/07\/B08T1QBMFL.01.S00H.JUMBOXXX-e1721364017790-1536x1446.jpg 1536w, https:\/\/elfornerdealella.com\/wp-content\/uploads\/2024\/07\/B08T1QBMFL.01.S00H.JUMBOXXX-e1721364017790-13x12.jpg 13w\" sizes=\"(max-width: 1587px) 100vw, 1587px\" title=\"Recepta de\">\t\t\t\t\t\t\t\t\t\t\t\t\t\t\t<\/div>\n\t\t\t\t<\/div>\n\t\t\t\t<\/div>\n\t\t<div class=\"elementor-element elementor-element-f1c9cfe e-flex e-con-boxed e-con e-parent\" data-id=\"f1c9cfe\" data-element_type=\"container\" data-e-type=\"container\">\n\t\t\t\t\t<div class=\"e-con-inner\">\n\t\t\t\t<div class=\"elementor-element elementor-element-cb218ac elementor-widget elementor-widget-shortcode\" data-id=\"cb218ac\" data-element_type=\"widget\" data-e-type=\"widget\" data-widget_type=\"shortcode.default\">\n\t\t\t\t<div class=\"elementor-widget-container\">\n\t\t\t\t\t\t\t<div class=\"elementor-shortcode\"><script src=\"https:\/\/static.elfsight.com\/platform\/platform.js\" data-use-service-core defer><\/script>\n<div class=\"elfsight-app-a941f739-3d43-4685-a5db-742996b4b38d\" data-elfsight-app-lazy><\/div><\/div>\n\t\t\t\t\t\t<\/div>\n\t\t\t\t<\/div>\n\t\t\t\t\t<\/div>\n\t\t\t\t<\/div>\n\t\t\t\t<\/div>","protected":false},"excerpt":{"rendered":"<p>Descubre nuestro Libro de Recetas Estamos emocionados de presentar \u201cComo en casa de mam\u00e1: Las mejores recetas de la cocina casera\u201d, un libro que recoge nuestras mejores recetas para que puedas disfrutar de la cocina casera de manera f\u00e1cil y divertida. Este libro es el resultado de a\u00f1os de pasi\u00f3n y dedicaci\u00f3n a la gastronom\u00eda, [&hellip;]<\/p>\n","protected":false},"author":3,"featured_media":0,"parent":0,"menu_order":0,"comment_status":"closed","ping_status":"closed","template":"","meta":{"site-sidebar-layout":"no-sidebar","site-content-layout":"page-builder","ast-site-content-layout":"full-width-container","site-content-style":"default","site-sidebar-style":"default","ast-global-header-display":"","ast-banner-title-visibility":"","ast-main-header-display":"","ast-hfb-above-header-display":"","ast-hfb-below-header-display":"","ast-hfb-mobile-header-display":"","site-post-title":"disabled","ast-breadcrumbs-content":"","ast-featured-img":"disabled","footer-sml-layout":"","ast-disable-related-posts":"","theme-transparent-header-meta":"","adv-header-id-meta":"","stick-header-meta":"","header-above-stick-meta":"","header-main-stick-meta":"","header-below-stick-meta":"","astra-migrate-meta-layouts":"set","ast-page-background-enabled":"default","ast-page-background-meta":{"desktop":{"background-color":"","background-image":"","background-repeat":"repeat","background-position":"center center","background-size":"auto","background-attachment":"scroll","background-type":"","background-media":"","overlay-type":"","overlay-color":"","overlay-opacity":"","overlay-gradient":""},"tablet":{"background-color":"","background-image":"","background-repeat":"repeat","background-position":"center center","background-size":"auto","background-attachment":"scroll","background-type":"","background-media":"","overlay-type":"","overlay-color":"","overlay-opacity":"","overlay-gradient":""},"mobile":{"background-color":"","background-image":"","background-repeat":"repeat","background-position":"center center","background-size":"auto","background-attachment":"scroll","background-type":"","background-media":"","overlay-type":"","overlay-color":"","overlay-opacity":"","overlay-gradient":""}},"ast-content-background-meta":{"desktop":{"background-color":"var(--ast-global-color-5)","background-image":"","background-repeat":"repeat","background-position":"center center","background-size":"auto","background-attachment":"scroll","background-type":"","background-media":"","overlay-type":"","overlay-color":"","overlay-opacity":"","overlay-gradient":""},"tablet":{"background-color":"var(--ast-global-color-5)","background-image":"","background-repeat":"repeat","background-position":"center center","background-size":"auto","background-attachment":"scroll","background-type":"","background-media":"","overlay-type":"","overlay-color":"","overlay-opacity":"","overlay-gradient":""},"mobile":{"background-color":"var(--ast-global-color-5)","background-image":"","background-repeat":"repeat","background-position":"center center","background-size":"auto","background-attachment":"scroll","background-type":"","background-media":"","overlay-type":"","overlay-color":"","overlay-opacity":"","overlay-gradient":""}},"footnotes":""},"class_list":["post-12689","page","type-page","status-publish","hentry"],"_links":{"self":[{"href":"https:\/\/elfornerdealella.com\/ca\/wp-json\/wp\/v2\/pages\/12689","targetHints":{"allow":["GET"]}}],"collection":[{"href":"https:\/\/elfornerdealella.com\/ca\/wp-json\/wp\/v2\/pages"}],"about":[{"href":"https:\/\/elfornerdealella.com\/ca\/wp-json\/wp\/v2\/types\/page"}],"author":[{"embeddable":true,"href":"https:\/\/elfornerdealella.com\/ca\/wp-json\/wp\/v2\/users\/3"}],"replies":[{"embeddable":true,"href":"https:\/\/elfornerdealella.com\/ca\/wp-json\/wp\/v2\/comments?post=12689"}],"version-history":[{"count":5,"href":"https:\/\/elfornerdealella.com\/ca\/wp-json\/wp\/v2\/pages\/12689\/revisions"}],"predecessor-version":[{"id":12905,"href":"https:\/\/elfornerdealella.com\/ca\/wp-json\/wp\/v2\/pages\/12689\/revisions\/12905"}],"wp:attachment":[{"href":"https:\/\/elfornerdealella.com\/ca\/wp-json\/wp\/v2\/media?parent=12689"}],"curies":[{"name":"wp","href":"https:\/\/api.w.org\/{rel}","templated":true}]}}