{"id":12681,"date":"2024-07-18T16:34:17","date_gmt":"2024-07-18T14:34:17","guid":{"rendered":"https:\/\/nova.elfornerdealella.com\/?page_id=12681"},"modified":"2024-07-19T06:20:06","modified_gmt":"2024-07-19T04:20:06","slug":"qui-som","status":"publish","type":"page","link":"https:\/\/elfornerdealella.com\/ca\/quienes-somos\/","title":{"rendered":"Qui som?"},"content":{"rendered":"\t\t<div data-elementor-type=\"wp-page\" data-elementor-id=\"12681\" class=\"elementor elementor-12681\" data-elementor-post-type=\"page\">\n\t\t\t\t<div class=\"elementor-element elementor-element-43506ff e-flex e-con-boxed e-con e-parent\" data-id=\"43506ff\" data-element_type=\"container\" data-e-type=\"container\" data-settings=\"{&quot;background_background&quot;:&quot;classic&quot;}\">\n\t\t\t\t\t<div class=\"e-con-inner\">\n\t\t\t\t\t<\/div>\n\t\t\t\t<\/div>\n\t\t<div class=\"elementor-element elementor-element-6e6e19e e-con-full e-flex e-con e-parent\" data-id=\"6e6e19e\" data-element_type=\"container\" data-e-type=\"container\" data-settings=\"{&quot;background_background&quot;:&quot;classic&quot;}\">\n\t\t<div class=\"elementor-element elementor-element-2176d78e e-con-full e-flex e-con e-child\" data-id=\"2176d78e\" data-element_type=\"container\" data-e-type=\"container\">\n\t\t\t\t<div class=\"elementor-element elementor-element-99d3395 elementor-widget elementor-widget-heading\" data-id=\"99d3395\" data-element_type=\"widget\" data-e-type=\"widget\" data-widget_type=\"heading.default\">\n\t\t\t\t<div class=\"elementor-widget-container\">\n\t\t\t\t\t<h2 class=\"elementor-heading-title elementor-size-default\">Conoce la historia y pasi\u00f3n de El Forner de Alella\n\n\n<\/h2>\t\t\t\t<\/div>\n\t\t\t\t<\/div>\n\t\t\t\t<div class=\"elementor-element elementor-element-4b96b715 elementor-widget elementor-widget-text-editor\" data-id=\"4b96b715\" data-element_type=\"widget\" data-e-type=\"widget\" data-widget_type=\"text-editor.default\">\n\t\t\t\t<div class=\"elementor-widget-container\">\n\t\t\t\t\t\t\t\t\t<p>Bienvenidos a <strong>El Forner de Alella<\/strong>, un rinc\u00f3n culinario donde la pasi\u00f3n por la cocina casera se transforma en deliciosas recetas y experiencias \u00fanicas. Somos un equipo de amantes de la gastronom\u00eda con un objetivo claro: compartir la alegr\u00eda de cocinar en casa con recetas sencillas, r\u00e1pidas y llenas de sabor. Nuestro compromiso es hacer que la cocina sea accesible para todos, sin importar el nivel de experiencia.<\/p><p>El Forner de Alella naci\u00f3 de la pasi\u00f3n de una familia por la cocina y el deseo de transmitir ese amor a otros. Comenzamos como un peque\u00f1o blog de recetas, compartiendo nuestras creaciones favoritas con amigos y familiares. Con el tiempo, nuestra comunidad creci\u00f3 y nos dimos cuenta de que hab\u00eda una gran demanda por recetas caseras que fueran f\u00e1ciles de seguir y que utilizaran ingredientes accesibles.<\/p>\t\t\t\t\t\t\t\t<\/div>\n\t\t\t\t<\/div>\n\t\t\t\t<\/div>\n\t\t\t\t<div class=\"elementor-element elementor-element-219aa01 elementor-widget__width-initial elementor-widget-tablet__width-inherit elementor-widget elementor-widget-image\" data-id=\"219aa01\" data-element_type=\"widget\" data-e-type=\"widget\" data-widget_type=\"image.default\">\n\t\t\t\t<div class=\"elementor-widget-container\">\n\t\t\t\t\t\t\t\t\t\t\t\t\t\t\t<img fetchpriority=\"high\" decoding=\"async\" width=\"700\" height=\"570\" src=\"https:\/\/elfornerdealella.com\/wp-content\/uploads\/2021\/04\/foto-1.jpg\" class=\"attachment-large size-large wp-image-5471\" alt=\"recetas de cocina casera\" srcset=\"https:\/\/elfornerdealella.com\/wp-content\/uploads\/2021\/04\/foto-1.jpg 700w, https:\/\/elfornerdealella.com\/wp-content\/uploads\/2021\/04\/foto-1-600x489.jpg 600w\" sizes=\"(max-width: 700px) 100vw, 700px\" title=\"Receta de\">\t\t\t\t\t\t\t\t\t\t\t\t\t\t\t<\/div>\n\t\t\t\t<\/div>\n\t\t\t\t<\/div>\n\t\t<div class=\"elementor-element elementor-element-22ed4975 e-flex e-con-boxed e-con e-parent\" data-id=\"22ed4975\" data-element_type=\"container\" data-e-type=\"container\" data-settings=\"{&quot;background_background&quot;:&quot;classic&quot;}\">\n\t\t\t\t\t<div class=\"e-con-inner\">\n\t\t<div class=\"elementor-element elementor-element-47d2e744 e-con-full e-flex e-con e-child\" data-id=\"47d2e744\" data-element_type=\"container\" data-e-type=\"container\">\n\t\t\t\t<div class=\"elementor-element elementor-element-6160c9bc elementor-widget__width-initial elementor-widget-tablet__width-inherit elementor-widget elementor-widget-toggle\" data-id=\"6160c9bc\" data-element_type=\"widget\" data-e-type=\"widget\" data-widget_type=\"toggle.default\">\n\t\t\t\t<div class=\"elementor-widget-container\">\n\t\t\t\t\t\t\t<div class=\"elementor-toggle\">\n\t\t\t\t\t\t\t<div class=\"elementor-toggle-item\">\n\t\t\t\t\t<h4 id=\"elementor-tab-title-1631\" class=\"elementor-tab-title\" data-tab=\"1\" role=\"button\" aria-controls=\"elementor-tab-content-1631\" aria-expanded=\"false\">\n\t\t\t\t\t\t\t\t\t\t\t\t<a class=\"elementor-toggle-title\" tabindex=\"0\">Nuestra Filosof\u00eda<\/a>\n\t\t\t\t\t<\/h4>\n\n\t\t\t\t\t<div id=\"elementor-tab-content-1631\" class=\"elementor-tab-content elementor-clearfix\" data-tab=\"1\" role=\"region\" aria-labelledby=\"elementor-tab-title-1631\"><p>Creemos que la cocina casera es una forma de conectar con nuestras ra\u00edces, de compartir momentos especiales con nuestros seres queridos y de disfrutar de una alimentaci\u00f3n saludable y equilibrada. Nos esforzamos por crear recetas que no solo sean deliciosas, sino tambi\u00e9n f\u00e1ciles de hacer, utilizando ingredientes que todos pueden encontrar en su despensa.<\/p><p>Cada receta que compartimos est\u00e1 cuidadosamente probada y dise\u00f1ada para que puedas replicarla en casa sin complicaciones. Ya sea que est\u00e9s buscando una receta r\u00e1pida para una cena entre semana, un postre especial para una celebraci\u00f3n o simplemente quieras experimentar con nuevos sabores, en El Forner de Alella encontrar\u00e1s inspiraci\u00f3n para todas las ocasiones.<\/p><h4>\u00a0<\/h4><\/div>\n\t\t\t\t<\/div>\n\t\t\t\t\t\t\t<div class=\"elementor-toggle-item\">\n\t\t\t\t\t<h4 id=\"elementor-tab-title-1632\" class=\"elementor-tab-title\" data-tab=\"2\" role=\"button\" aria-controls=\"elementor-tab-content-1632\" aria-expanded=\"false\">\n\t\t\t\t\t\t\t\t\t\t\t\t<a class=\"elementor-toggle-title\" tabindex=\"0\">Nuestro Contenido<\/a>\n\t\t\t\t\t<\/h4>\n\n\t\t\t\t\t<div id=\"elementor-tab-content-1632\" class=\"elementor-tab-content elementor-clearfix\" data-tab=\"2\" role=\"region\" aria-labelledby=\"elementor-tab-title-1632\"><p>En nuestro sitio web, ofrecemos una amplia variedad de recetas que incluyen desde primeros platos y segundos platos hasta postres y panes caseros. Cada receta viene acompa\u00f1ada de instrucciones detalladas en texto y v\u00eddeo, para que puedas seguir cada paso con confianza. Nuestro canal de YouTube complementa nuestro contenido escrito, brind\u00e1ndote tutoriales visuales que hacen que cocinar sea a\u00fan m\u00e1s f\u00e1cil y divertido.<\/p><h4>\u00a0<\/h4><\/div>\n\t\t\t\t<\/div>\n\t\t\t\t\t\t\t<div class=\"elementor-toggle-item\">\n\t\t\t\t\t<h4 id=\"elementor-tab-title-1633\" class=\"elementor-tab-title\" data-tab=\"3\" role=\"button\" aria-controls=\"elementor-tab-content-1633\" aria-expanded=\"false\">\n\t\t\t\t\t\t\t\t\t\t\t\t<a class=\"elementor-toggle-title\" tabindex=\"0\">Colaboraciones y Promociones<\/a>\n\t\t\t\t\t<\/h4>\n\n\t\t\t\t\t<div id=\"elementor-tab-content-1633\" class=\"elementor-tab-content elementor-clearfix\" data-tab=\"3\" role=\"region\" aria-labelledby=\"elementor-tab-title-1633\"><p>Estamos siempre abiertos a nuevas oportunidades de colaboraci\u00f3n. Si representas a una marca o tienes un producto que desees promover, nos encantar\u00eda trabajar contigo. Creemos en el poder de las colaboraciones para crear contenido valioso y aut\u00e9ntico que beneficie a nuestra audiencia. Puedes contactarnos a trav\u00e9s de nuestra p\u00e1gina de contacto o enviarnos un correo electr\u00f3nico directamente.<\/p><h4>\u00a0<\/h4><\/div>\n\t\t\t\t<\/div>\n\t\t\t\t\t\t\t<div class=\"elementor-toggle-item\">\n\t\t\t\t\t<h4 id=\"elementor-tab-title-1634\" class=\"elementor-tab-title\" data-tab=\"4\" role=\"button\" aria-controls=\"elementor-tab-content-1634\" aria-expanded=\"false\">\n\t\t\t\t\t\t\t\t\t\t\t\t<a class=\"elementor-toggle-title\" tabindex=\"0\">\u00danete a Nuestra Comunidad<\/a>\n\t\t\t\t\t<\/h4>\n\n\t\t\t\t\t<div id=\"elementor-tab-content-1634\" class=\"elementor-tab-content elementor-clearfix\" data-tab=\"4\" role=\"region\" aria-labelledby=\"elementor-tab-title-1634\"><div class=\"flex flex-grow flex-col max-w-full\"><div class=\"min-h-[20px] text-message flex w-full flex-col items-end gap-2 whitespace-pre-wrap break-words [.text-message+&amp;]:mt-5 overflow-x-auto\" dir=\"auto\" data-message-author-role=\"assistant\" data-message-id=\"7e2d8868-bc4f-46d7-8c97-ba57256a55f9\"><div class=\"flex w-full flex-col gap-1 empty:hidden first:pt-[3px]\"><div class=\"markdown prose w-full break-words dark:prose-invert dark\"><p>Te invitamos a unirte a nuestra comunidad de amantes de la cocina casera. S\u00edguenos en nuestras redes sociales, suscr\u00edbete a nuestro canal de YouTube y no te pierdas ninguna de nuestras recetas. En <strong>El Forner de Alella<\/strong>, estamos aqu\u00ed para inspirarte, guiarte y compartir contigo la maravillosa experiencia de cocinar en casa.<\/p><p>\u00a1Gracias por ser parte de nuestra familia culinaria!<\/p><\/div><\/div><\/div><\/div><\/div>\n\t\t\t\t<\/div>\n\t\t\t\t\t\t\t\t<\/div>\n\t\t\t\t\t\t<\/div>\n\t\t\t\t<\/div>\n\t\t\t\t<\/div>\n\t\t\t\t\t<\/div>\n\t\t\t\t<\/div>\n\t\t\t\t<\/div>\n\t\t","protected":false},"excerpt":{"rendered":"<p>Conoce la historia y pasi\u00f3n de El Forner de Alella Bienvenidos a El Forner de Alella, un rinc\u00f3n culinario donde la pasi\u00f3n por la cocina casera se transforma en deliciosas recetas y experiencias \u00fanicas. Somos un equipo de amantes de la gastronom\u00eda con un objetivo claro: compartir la alegr\u00eda de cocinar en casa con recetas [&hellip;]<\/p>\n","protected":false},"author":3,"featured_media":0,"parent":0,"menu_order":0,"comment_status":"closed","ping_status":"closed","template":"","meta":{"site-sidebar-layout":"no-sidebar","site-content-layout":"page-builder","ast-site-content-layout":"full-width-container","site-content-style":"default","site-sidebar-style":"default","ast-global-header-display":"","ast-banner-title-visibility":"","ast-main-header-display":"","ast-hfb-above-header-display":"","ast-hfb-below-header-display":"","ast-hfb-mobile-header-display":"","site-post-title":"disabled","ast-breadcrumbs-content":"","ast-featured-img":"disabled","footer-sml-layout":"","ast-disable-related-posts":"","theme-transparent-header-meta":"","adv-header-id-meta":"","stick-header-meta":"","header-above-stick-meta":"","header-main-stick-meta":"","header-below-stick-meta":"","astra-migrate-meta-layouts":"set","ast-page-background-enabled":"default","ast-page-background-meta":{"desktop":{"background-color":"","background-image":"","background-repeat":"repeat","background-position":"center center","background-size":"auto","background-attachment":"scroll","background-type":"","background-media":"","overlay-type":"","overlay-color":"","overlay-opacity":"","overlay-gradient":""},"tablet":{"background-color":"","background-image":"","background-repeat":"repeat","background-position":"center center","background-size":"auto","background-attachment":"scroll","background-type":"","background-media":"","overlay-type":"","overlay-color":"","overlay-opacity":"","overlay-gradient":""},"mobile":{"background-color":"","background-image":"","background-repeat":"repeat","background-position":"center center","background-size":"auto","background-attachment":"scroll","background-type":"","background-media":"","overlay-type":"","overlay-color":"","overlay-opacity":"","overlay-gradient":""}},"ast-content-background-meta":{"desktop":{"background-color":"var(--ast-global-color-5)","background-image":"","background-repeat":"repeat","background-position":"center center","background-size":"auto","background-attachment":"scroll","background-type":"","background-media":"","overlay-type":"","overlay-color":"","overlay-opacity":"","overlay-gradient":""},"tablet":{"background-color":"var(--ast-global-color-5)","background-image":"","background-repeat":"repeat","background-position":"center center","background-size":"auto","background-attachment":"scroll","background-type":"","background-media":"","overlay-type":"","overlay-color":"","overlay-opacity":"","overlay-gradient":""},"mobile":{"background-color":"var(--ast-global-color-5)","background-image":"","background-repeat":"repeat","background-position":"center center","background-size":"auto","background-attachment":"scroll","background-type":"","background-media":"","overlay-type":"","overlay-color":"","overlay-opacity":"","overlay-gradient":""}},"footnotes":""},"class_list":["post-12681","page","type-page","status-publish","hentry"],"_links":{"self":[{"href":"https:\/\/elfornerdealella.com\/ca\/wp-json\/wp\/v2\/pages\/12681","targetHints":{"allow":["GET"]}}],"collection":[{"href":"https:\/\/elfornerdealella.com\/ca\/wp-json\/wp\/v2\/pages"}],"about":[{"href":"https:\/\/elfornerdealella.com\/ca\/wp-json\/wp\/v2\/types\/page"}],"author":[{"embeddable":true,"href":"https:\/\/elfornerdealella.com\/ca\/wp-json\/wp\/v2\/users\/3"}],"replies":[{"embeddable":true,"href":"https:\/\/elfornerdealella.com\/ca\/wp-json\/wp\/v2\/comments?post=12681"}],"version-history":[{"count":5,"href":"https:\/\/elfornerdealella.com\/ca\/wp-json\/wp\/v2\/pages\/12681\/revisions"}],"predecessor-version":[{"id":12867,"href":"https:\/\/elfornerdealella.com\/ca\/wp-json\/wp\/v2\/pages\/12681\/revisions\/12867"}],"wp:attachment":[{"href":"https:\/\/elfornerdealella.com\/ca\/wp-json\/wp\/v2\/media?parent=12681"}],"curies":[{"name":"wp","href":"https:\/\/api.w.org\/{rel}","templated":true}]}}